{"id":15095,"date":"2022-06-21T17:59:12","date_gmt":"2022-06-21T17:59:12","guid":{"rendered":"https:\/\/sendo-klima.hu\/?page_id=15095"},"modified":"2024-01-08T09:23:24","modified_gmt":"2024-01-08T09:23:24","slug":"inspiracio","status":"publish","type":"page","link":"https:\/\/tauriltrade.hu\/sendo\/inspiracio\/","title":{"rendered":"Inspir\u00e1ci\u00f3"},"content":{"rendered":"<p>[vc_row css_animation=&#8221;&#8221; row_type=&#8221;row&#8221; use_row_as_full_screen_section=&#8221;no&#8221; type=&#8221;full_width&#8221; angled_section=&#8221;no&#8221; text_align=&#8221;left&#8221; background_image_as_pattern=&#8221;without_pattern&#8221; css=&#8221;.vc_custom_1655558006675{background-color: #f4f4f4 !important;}&#8221; z_index=&#8221;&#8221;][vc_column][vc_column_text]<\/p>\n<div class=\"vc_empty_space\" style=\"height: 32px;\"><\/div>\n<p style=\"text-align: center;\"><a href=\"http:\/\/sendo-klima.hu\/\">KEZD\u0150LAP<\/a>\u00a0 \u00a0 <strong>\/<\/strong>\u00a0 INSPIR\u00c1CI\u00d3<\/p>\n<div class=\"vc_empty_space\" style=\"height: 32px;\"><\/div>\n<p>[\/vc_column_text][\/vc_column][\/vc_row][vc_row css_animation=&#8221;&#8221; row_type=&#8221;row&#8221; use_row_as_full_screen_section=&#8221;no&#8221; type=&#8221;grid&#8221; angled_section=&#8221;no&#8221; text_align=&#8221;left&#8221; background_image_as_pattern=&#8221;without_pattern&#8221; padding_top=&#8221;100px&#8221; padding_bottom=&#8221;100px&#8221; z_index=&#8221;&#8221; css=&#8221;.vc_custom_1656001531500{padding-top: 190px !important;padding-bottom: 190px !important;background-color: #f4f4f4 !important;}&#8221; background_image=&#8221;15146&#8243;][vc_column width=&#8221;1\/2&#8243;][vc_column_text]<strong><span style=\"color: #5d96a1; font-size: 60px; font-weight: 400; line-height: 71px;\">Sendo<\/span> <span style=\"color: #015963; font-size: 60px; font-weight: 400; line-height: 71px;\">hangulat<\/span> <\/strong><br \/>\n<span style=\"color: #b0b3b6; font-size: 60px; font-weight: 300; line-height: 71px;\"> Egy csod\u00e1latos t\u00f6rt\u00e9net az inspir\u00e1ci\u00f3r\u00f3l! <\/span><br \/>\n<span style=\"font-weight: 300; font-size: 22px; line-height: 33px; letter-spacing: 0px;\">Mitikus h\u0151s\u00f6k \u00e9s var\u00e1zslatos helyek az \u00e9rz\u00e9kek egyed\u00fcl\u00e1ll\u00f3 t\u00fcnd\u00e9rmes\u00e9j\u00e9ben.<\/span>[\/vc_column_text][\/vc_column][vc_column width=&#8221;1\/2&#8243;][\/vc_column][\/vc_row][vc_row css_animation=&#8221;&#8221; row_type=&#8221;row&#8221; use_row_as_full_screen_section=&#8221;no&#8221; type=&#8221;grid&#8221; angled_section=&#8221;no&#8221; text_align=&#8221;left&#8221; background_image_as_pattern=&#8221;without_pattern&#8221; padding_top=&#8221;100px&#8221; padding_bottom=&#8221;100px&#8221; z_index=&#8221;&#8221; css=&#8221;.vc_custom_1656001766697{padding-top: 190px !important;padding-bottom: 190px !important;background-color: #01333a !important;}&#8221;][vc_column width=&#8221;1\/4&#8243;][\/vc_column][vc_column width=&#8221;1\/2&#8243;][vc_single_image image=&#8221;15151&#8243; img_size=&#8221;full&#8221; alignment=&#8221;center&#8221; qode_css_animation=&#8221;&#8221;][vc_column_text]<\/p>\n<h3 style=\"text-align: center;\"><span style=\"color: #898989;\">Inspir\u00e1ci\u00f3?<\/span> <span style=\"color: #5d96a1;\">Sendo hangulat<\/span><\/h3>\n<p>[\/vc_column_text][vc_column_text]<\/p>\n<p style=\"text-align: center;\">A Sendo term\u00e9kk\u00edn\u00e1lat\u00e1val egy egyed\u00fcl\u00e1ll\u00f3 \u00e9lm\u00e9nyben r\u00e9szes\u00edti \u00d6nt. Mert hangulata napi szint\u0171 optimaliz\u00e1l\u00e1sa kulcsk\u00e9rd\u00e9s sz\u00e1munkra, s a\u00a0 Sendo megold\u00e1sai ezt egy j\u00f3l \u00e1tgondolt kreat\u00edv folyamaton kereszt\u00fcl ny\u00fajtj\u00e1k \u00d6nnek.<\/p>\n<p style=\"text-align: center;\">Kutat\u00e1s, tervez\u00e9s, innov\u00e1ci\u00f3, cs\u00facstechnol\u00f3gia, intelligens megold\u00e1sok, k\u00f6rnyezettudatoss\u00e1g, figyelem a r\u00e9szletekre, hit az egyszer\u0171s\u00e9gben, s ezek harmonikus t\u00e1rs\u00edt\u00e1sa az eszt\u00e9tik\u00e1val \u00e9s a cs\u00facstechnol\u00f3gi\u00e1val. A r\u00e9szletek \u00e9s a folyamatok e m\u0171v\u00e9szi megk\u00f6zel\u00edt\u00e9se szolg\u00e1lja az \u00d6n j\u00f3 k\u00f6z\u00e9rzet\u00e9t, hogy csod\u00e1latosan \u00e9s teljesnek \u00e9rezze mag\u00e1t.<\/p>\n<p style=\"text-align: center;\">Mi a Sendo-n\u00e1l nem csup\u00e1n term\u00e9keket gy\u00e1rtunk. Megteremtj\u00fck mindazon felt\u00e9teleket, melyek a tiszta leveg\u0151 \u00e9s a kellemes kl\u00edma biztos\u00edt\u00e1s\u00e1n kereszt\u00fcl emelik az \u00e9letmin\u0151s\u00e9g\u00e9t, s a term\u00e9szet minden var\u00e1zs\u00e1t \u00e9s frissess\u00e9g\u00e9t hozz\u00e1k el ter\u00e9be egy h\u00e9tk\u00f6znapi \u00e1rucikk form\u00e1j\u00e1ban. S e term\u00e9kek egyben \u00e9letst\u00edlusa kifejez\u0151 eszk\u00f6z\u00e9v\u00e9 v\u00e1lnak otthon\u00e1ban \u00e9s munkatereiben.<\/p>\n<p>[\/vc_column_text][\/vc_column][vc_column width=&#8221;1\/4&#8243;][\/vc_column][\/vc_row][vc_row css_animation=&#8221;&#8221; row_type=&#8221;row&#8221; use_row_as_full_screen_section=&#8221;no&#8221; type=&#8221;grid&#8221; angled_section=&#8221;no&#8221; text_align=&#8221;left&#8221; background_image_as_pattern=&#8221;without_pattern&#8221; padding_top=&#8221;100px&#8221; padding_bottom=&#8221;100px&#8221; z_index=&#8221;&#8221; css=&#8221;.vc_custom_1656002069184{padding-top: 190px !important;padding-bottom: 190px !important;background-color: #ffffff !important;}&#8221;][vc_column width=&#8221;1\/4&#8243;][\/vc_column][vc_column width=&#8221;1\/2&#8243;][vc_single_image image=&#8221;15153&#8243; img_size=&#8221;full&#8221; alignment=&#8221;center&#8221; qode_css_animation=&#8221;&#8221;][vc_column_text]<\/p>\n<h3 style=\"text-align: center;\"><span style=\"color: #898989;\">Sendo hangulat?<\/span> <span style=\"color: #5d96a1;\">J\u00f3 \u00e9rz\u00e9s<br \/>\n<\/span><\/h3>\n<p>[\/vc_column_text][vc_column_text]<\/p>\n<p style=\"text-align: center;\">A l\u00e9gz\u00e9s kapcsolat az elme \u00e9s a test k\u00f6z\u00f6tt. Minden egyes l\u00e9legzet\u00fcnk hat az \u00e9rz\u00e9seinkre, hogy boldognak \u00e9s kiegyens\u00falyozottnak \u00e9rezhess\u00fck magunkat. Ehhez viszont tiszta leveg\u0151re van sz\u00fcks\u00e9g, ami sajnos nem mindig adott. Erre kerest\u00fck, illetve folyamatosan keress\u00fck a jobbn\u00e1l jobb megold\u00e1sokat. Eddig siker\u00fclt!<br \/>\n\u00c9lvezze a felszabadults\u00e1g \u00e9s a nyitotts\u00e1g \u00e9rz\u00e9s\u00e9t, melyet professzion\u00e1lis megold\u00e1sainkkal ny\u00fajtunk \u00d6nnek!<\/p>\n<p>[\/vc_column_text][\/vc_column][vc_column width=&#8221;1\/4&#8243;][\/vc_column][\/vc_row][vc_row css_animation=&#8221;&#8221; row_type=&#8221;row&#8221; use_row_as_full_screen_section=&#8221;no&#8221; type=&#8221;grid&#8221; angled_section=&#8221;no&#8221; text_align=&#8221;left&#8221; background_image_as_pattern=&#8221;without_pattern&#8221; padding_top=&#8221;0&#8243; padding_bottom=&#8221;0&#8243; z_index=&#8221;&#8221; css=&#8221;.vc_custom_1656002371914{background-color: #ffffff !important;}&#8221;][vc_column width=&#8221;1\/5&#8243;][\/vc_column][vc_column width=&#8221;1\/5&#8243;][vc_single_image image=&#8221;15157&#8243; img_size=&#8221;full&#8221; alignment=&#8221;center&#8221; qode_css_animation=&#8221;&#8221;][\/vc_column][vc_column width=&#8221;1\/5&#8243;][vc_single_image image=&#8221;15158&#8243; img_size=&#8221;full&#8221; alignment=&#8221;center&#8221; qode_css_animation=&#8221;&#8221;][\/vc_column][vc_column width=&#8221;1\/5&#8243;][\/vc_column][vc_column width=&#8221;1\/5&#8243;][\/vc_column][\/vc_row]<\/p>\n","protected":false},"excerpt":{"rendered":"<p>[vc_row css_animation=&#8221;&#8221; row_type=&#8221;row&#8221; use_row_as_full_screen_section=&#8221;no&#8221; type=&#8221;full_width&#8221; angled_section=&#8221;no&#8221; text_align=&#8221;left&#8221; background_image_as_pattern=&#8221;without_pattern&#8221; css=&#8221;.vc_custom_1655558006675{background-color: #f4f4f4 !important;}&#8221; z_index=&#8221;&#8221;][vc_column][vc_column_text] KEZD\u0150LAP\u00a0 \u00a0 \/\u00a0 INSPIR\u00c1CI\u00d3 [\/vc_column_text][\/vc_column][\/vc_row][vc_row css_animation=&#8221;&#8221; row_type=&#8221;row&#8221; use_row_as_full_screen_section=&#8221;no&#8221; type=&#8221;grid&#8221; angled_section=&#8221;no&#8221; text_align=&#8221;left&#8221; background_image_as_pattern=&#8221;without_pattern&#8221; padding_top=&#8221;100px&#8221; padding_bottom=&#8221;100px&#8221; z_index=&#8221;&#8221; css=&#8221;.vc_custom_1656001531500{padding-top: 190px !important;padding-bottom: 190px !important;background-color: #f4f4f4 !important;}&#8221; background_image=&#8221;15146&#8243;][vc_column width=&#8221;1\/2&#8243;][vc_column_text]Sendo hangulat Egy csod\u00e1latos t\u00f6rt\u00e9net az inspir\u00e1ci\u00f3r\u00f3l! Mitikus h\u0151s\u00f6k \u00e9s&#8230;<\/p>\n","protected":false},"author":1,"featured_media":0,"parent":0,"menu_order":0,"comment_status":"closed","ping_status":"closed","template":"full_width.php","meta":{"footnotes":""},"class_list":["post-15095","page","type-page","status-publish","hentry"],"_links":{"self":[{"href":"https:\/\/tauriltrade.hu\/sendo\/wp-json\/wp\/v2\/pages\/15095","targetHints":{"allow":["GET"]}}],"collection":[{"href":"https:\/\/tauriltrade.hu\/sendo\/wp-json\/wp\/v2\/pages"}],"about":[{"href":"https:\/\/tauriltrade.hu\/sendo\/wp-json\/wp\/v2\/types\/page"}],"author":[{"embeddable":true,"href":"https:\/\/tauriltrade.hu\/sendo\/wp-json\/wp\/v2\/users\/1"}],"replies":[{"embeddable":true,"href":"https:\/\/tauriltrade.hu\/sendo\/wp-json\/wp\/v2\/comments?post=15095"}],"version-history":[{"count":24,"href":"https:\/\/tauriltrade.hu\/sendo\/wp-json\/wp\/v2\/pages\/15095\/revisions"}],"predecessor-version":[{"id":16384,"href":"https:\/\/tauriltrade.hu\/sendo\/wp-json\/wp\/v2\/pages\/15095\/revisions\/16384"}],"wp:attachment":[{"href":"https:\/\/tauriltrade.hu\/sendo\/wp-json\/wp\/v2\/media?parent=15095"}],"curies":[{"name":"wp","href":"https:\/\/api.w.org\/{rel}","templated":true}]}}