{"id":15229,"date":"2022-07-13T15:37:34","date_gmt":"2022-07-13T15:37:34","guid":{"rendered":"https:\/\/sendo-klima.hu\/?page_id=15229"},"modified":"2022-08-18T17:41:28","modified_gmt":"2022-08-18T17:41:28","slug":"legcsatornazhato-klima","status":"publish","type":"page","link":"https:\/\/tauriltrade.hu\/sendo\/legcsatornazhato-klima\/","title":{"rendered":"L\u00e9gcsatorn\u00e1zhat\u00f3 kl\u00edma"},"content":{"rendered":"<p>[vc_row css_animation=&#8221;&#8221; row_type=&#8221;row&#8221; use_row_as_full_screen_section=&#8221;no&#8221; type=&#8221;full_width&#8221; angled_section=&#8221;no&#8221; text_align=&#8221;left&#8221; background_image_as_pattern=&#8221;without_pattern&#8221; css=&#8221;.vc_custom_1655558006675{background-color: #f4f4f4 !important;}&#8221; z_index=&#8221;&#8221;][vc_column][vc_column_text]<\/p>\n<div class=\"vc_empty_space\" style=\"height: 32px;\"><\/div>\n<p style=\"text-align: center;\"><a href=\"https:\/\/sendo-klima.hu\/\">KEZD\u0150LAP<\/a>\u00a0 <strong>\/<\/strong>\u00a0 <a href=\"https:\/\/sendo-klima.hu\/termekek\/\">TERM\u00c9KEK<\/a>\u00a0 <strong>\/<\/strong>\u00a0\u00a0<a href=\"https:\/\/sendo-klima.hu\/vallalati-klimaberendezesek\/\">V\u00c1LLALATI KL\u00cdMABERENDEZ\u00c9SEK<\/a>\u00a0 <strong>\/\u00a0<\/strong> L\u00c9GCSATORN\u00c1ZHAT\u00d3 KL\u00cdMA<\/p>\n<div class=\"vc_empty_space\" style=\"height: 32px;\"><\/div>\n<p>[\/vc_column_text][\/vc_column][\/vc_row][vc_row css_animation=&#8221;&#8221; row_type=&#8221;row&#8221; use_row_as_full_screen_section=&#8221;yes&#8221; type=&#8221;full_width&#8221; angled_section=&#8221;no&#8221; text_align=&#8221;center&#8221; background_image_as_pattern=&#8221;without_pattern&#8221; css=&#8221;.vc_custom_1659259841758{padding-top: 280px !important;padding-bottom: 280px !important;background-color: #f4f4f4 !important;}&#8221; z_index=&#8221;&#8221; background_image=&#8221;15777&#8243;][vc_column][\/vc_column][\/vc_row][vc_row css_animation=&#8221;&#8221; row_type=&#8221;row&#8221; use_row_as_full_screen_section=&#8221;no&#8221; type=&#8221;full_width&#8221; angled_section=&#8221;no&#8221; text_align=&#8221;left&#8221; background_image_as_pattern=&#8221;without_pattern&#8221; css=&#8221;.vc_custom_1655558006675{background-color: #f4f4f4 !important;}&#8221; z_index=&#8221;&#8221;][vc_column css=&#8221;.vc_custom_1655559819147{background-color: #ffffff !important;}&#8221;][vc_single_image image=&#8221;15780&#8243; img_size=&#8221;large&#8221; alignment=&#8221;center&#8221; qode_css_animation=&#8221;&#8221;][vc_single_image image=&#8221;15781&#8243; alignment=&#8221;center&#8221; qode_css_animation=&#8221;&#8221;][\/vc_column][\/vc_row][vc_row css_animation=&#8221;&#8221; row_type=&#8221;row&#8221; use_row_as_full_screen_section=&#8221;no&#8221; type=&#8221;full_width&#8221; angled_section=&#8221;no&#8221; text_align=&#8221;left&#8221; background_image_as_pattern=&#8221;without_pattern&#8221; css=&#8221;.vc_custom_1655560003987{background-color: #ffffff !important;}&#8221; z_index=&#8221;&#8221;][vc_column width=&#8221;1\/4&#8243;][\/vc_column][vc_column width=&#8221;1\/2&#8243;][vc_empty_space][vc_column_text]<\/p>\n<p style=\"text-align: center;\">Diszkr\u00e9t, st\u00edlusos \u00e9s hat\u00e9kony &#8211; ez a Sendo csatorn\u00e1s l\u00e9gkondicion\u00e1l\u00f3 k\u00e9sz\u00fcl\u00e9kek h\u00e1rmas sikere. A l\u00e9gbe\u00f6ml\u0151 ultra-v\u00e9kony \u00e9s ergonomikus kialak\u00edt\u00e1s\u00e1val a nagy teljes\u00edtm\u00e9ny t\u00f6k\u00e9letes kombin\u00e1ci\u00f3j\u00e1t ny\u00fajtja a helyis\u00e9g minden r\u00e9sz\u00e9ben a dekor\u00e1ci\u00f3 diszkr\u00e9t \u00e9s eleg\u00e1ns beilleszked\u00e9s\u00e9vel, an\u00e9lk\u00fcl, hogy zavarn\u00e1 azt. A legmodernebb technol\u00f3gi\u00e1t t\u00fckr\u00f6zi a centrifug\u00e1lis j\u00e1r\u00f3ker\u00e9k kialak\u00edt\u00e1sa, a visszat\u00e9r\u0151 l\u00e9gcsatorna megl\u00e9te a folyamatosan meg\u00fajul\u00f3 frissess\u00e9gi szintek\u00e9rt, \u00e9s v\u00e9g\u00fcl a kondenz\u00e1torszivatty\u00fa m\u0171k\u00f6d\u00e9se az \u00f6r\u00f6k\u00f6s probl\u00e9mamentes teljes\u00edtm\u00e9ny\u00e9rt a legkevesebb karbantart\u00e1st ig\u00e9nyl\u0151 karbantart\u00e1s mellett. A t\u00e1voli WiFi Ready, az R32 k\u00f6rnyezetbar\u00e1t h\u0171t\u0151k\u00f6zeg \u00e9s az inverter technol\u00f3gia, teljess\u00e9 teszi a technol\u00f3giai f\u00f6l\u00e9ny \u00e9rzet\u00e9t. A Sendo frissess\u00e9ge eleg\u00e1nsabb \u00e9s diszkr\u00e9tebb, mint valaha.<\/p>\n<p>[\/vc_column_text][vc_empty_space][\/vc_column][vc_column width=&#8221;1\/4&#8243;][\/vc_column][\/vc_row][vc_row css_animation=&#8221;&#8221; row_type=&#8221;row&#8221; use_row_as_full_screen_section=&#8221;no&#8221; type=&#8221;full_width&#8221; angled_section=&#8221;no&#8221; text_align=&#8221;left&#8221; background_image_as_pattern=&#8221;without_pattern&#8221; css=&#8221;.vc_custom_1655560003987{background-color: #ffffff !important;}&#8221; z_index=&#8221;&#8221;][vc_column width=&#8221;1\/5&#8243;][\/vc_column][vc_column width=&#8221;1\/5&#8243;][vc_single_image image=&#8221;15783&#8243; alignment=&#8221;right&#8221; qode_css_animation=&#8221;&#8221;][\/vc_column][vc_column width=&#8221;1\/5&#8243;][vc_single_image image=&#8221;15784&#8243; alignment=&#8221;center&#8221; qode_css_animation=&#8221;&#8221;][\/vc_column][vc_column width=&#8221;1\/5&#8243;][vc_single_image image=&#8221;15785&#8243; qode_css_animation=&#8221;&#8221;][\/vc_column][vc_column width=&#8221;1\/5&#8243;][\/vc_column][\/vc_row][vc_row css_animation=&#8221;&#8221; row_type=&#8221;row&#8221; use_row_as_full_screen_section=&#8221;no&#8221; type=&#8221;full_width&#8221; angled_section=&#8221;no&#8221; text_align=&#8221;left&#8221; background_image_as_pattern=&#8221;without_pattern&#8221; css=&#8221;.vc_custom_1655560003987{background-color: #ffffff !important;}&#8221; z_index=&#8221;&#8221;][vc_column width=&#8221;1\/3&#8243;][\/vc_column][vc_column width=&#8221;1\/3&#8243;][vc_empty_space][vc_column_text]<\/p>\n<p style=\"text-align: center;\"><strong>1. Centrifug\u00e1lis kialak\u00edt\u00e1s\u00fa j\u00e1r\u00f3ker\u00e9k, alacsony zajszinttel \u00e9s nagy leveg\u0151ell\u00e1t\u00e1ssal.<br \/>\n<\/strong><\/p>\n<p style=\"text-align: center;\"><strong>2. A k\u00fcls\u0151 k\u00f6rnyezetbe t\u00f6rt\u00e9n\u0151 l\u00e9gvisszavezet\u00e9s be\u00e9p\u00edt\u00e9s\u00e9vel a friss leveg\u0151 bevitele \u00e9s a belt\u00e9ri k\u00f6rnyezet meg\u0151rz\u00e9se magas szint\u0171 frissess\u00e9ggel \u00e9rhet\u0151 el.<\/strong><\/p>\n<p style=\"text-align: center;\"><strong>3. Kondenz\u00e1tumszivatty\u00fa.<\/strong><\/p>\n<p>[\/vc_column_text][vc_empty_space][\/vc_column][vc_column width=&#8221;1\/3&#8243;][\/vc_column][\/vc_row][vc_row css_animation=&#8221;&#8221; row_type=&#8221;row&#8221; use_row_as_full_screen_section=&#8221;no&#8221; type=&#8221;full_width&#8221; angled_section=&#8221;no&#8221; text_align=&#8221;left&#8221; background_image_as_pattern=&#8221;without_pattern&#8221; css=&#8221;.vc_custom_1655560003987{background-color: #ffffff !important;}&#8221; z_index=&#8221;&#8221;][vc_column width=&#8221;1\/6&#8243;][\/vc_column][vc_column width=&#8221;2\/3&#8243;][vc_single_image image=&#8221;15727&#8243; alignment=&#8221;center&#8221; qode_css_animation=&#8221;&#8221;][\/vc_column][vc_column width=&#8221;1\/6&#8243;][\/vc_column][\/vc_row][vc_row css_animation=&#8221;&#8221; row_type=&#8221;row&#8221; use_row_as_full_screen_section=&#8221;no&#8221; type=&#8221;full_width&#8221; angled_section=&#8221;no&#8221; text_align=&#8221;left&#8221; background_image_as_pattern=&#8221;without_pattern&#8221; css=&#8221;.vc_custom_1655560003987{background-color: #ffffff !important;}&#8221; z_index=&#8221;&#8221;][vc_column width=&#8221;1\/3&#8243;][\/vc_column][vc_column width=&#8221;1\/3&#8243;][vc_empty_space][vc_column_text]<\/p>\n<h3 style=\"text-align: center;\"><strong>L\u00c9GCSATORN\u00c1ZHAT\u00d3 KL\u00cdMA: MODELLEK<\/strong><\/h3>\n<p>[\/vc_column_text][vc_empty_space][\/vc_column][vc_column width=&#8221;1\/3&#8243;][\/vc_column][\/vc_row][vc_row css_animation=&#8221;&#8221; row_type=&#8221;row&#8221; use_row_as_full_screen_section=&#8221;no&#8221; type=&#8221;full_width&#8221; angled_section=&#8221;no&#8221; text_align=&#8221;left&#8221; background_image_as_pattern=&#8221;without_pattern&#8221; css=&#8221;.vc_custom_1655560003987{background-color: #ffffff !important;}&#8221; z_index=&#8221;&#8221;][vc_column width=&#8221;1\/5&#8243;][\/vc_column][vc_column width=&#8221;1\/5&#8243;]<div class='service_table_holder'><ul class='service_table_inner'><li class='service_table_title_holder background_color_type' style=''><div class='service_table_title_inner'><div class='service_table_title_inner2'><\/div><\/div><\/li><li class='service_table_content' style=''><\/p>\n<ul class=\"service_table_inner\">\n<li class=\"service_table_title_holder background_color_type\" style=\"background-color: #dedede;\">\n<div class=\"service_table_title_inner\">\n<div class=\"service_table_title_inner2\">\n<h5 class=\"service_title\" style=\"color: #007380;\">SDU-24HSAU1<\/h5>\n<h5 class=\"service_title\" style=\"color: #007380;\">SND\u201124AUFM\u2011OD<\/h5>\n<\/div>\n<\/div>\n<\/li>\n<li class=\"service_table_content\">\n<ul>\n<li><strong>24000 BTU<\/strong><\/li>\n<li><strong>7 kW<\/strong><\/li>\n<li>A++<\/li>\n<li>R32<\/li>\n<li>Inverter<\/li>\n<li>WIFI Ready<\/li>\n<\/ul>\n<\/li>\n<\/ul>\n<p><\/li><\/ul><\/div>[\/vc_column][vc_column width=&#8221;1\/5&#8243;]<div class='service_table_holder'><ul class='service_table_inner'><li class='service_table_title_holder background_color_type' style=''><div class='service_table_title_inner'><div class='service_table_title_inner2'><\/div><\/div><\/li><li class='service_table_content' style=''><\/p>\n<ul class=\"service_table_inner\">\n<li class=\"service_table_title_holder background_color_type\" style=\"background-color: #dedede;\">\n<div class=\"service_table_title_inner\">\n<div class=\"service_table_title_inner2\">\n<h5 class=\"service_title\" style=\"color: #007380;\">SDU-48HSAU1<\/h5>\n<h5 class=\"service_title\" style=\"color: #007380;\">SND\u201148AUFM\u2011OD<\/h5>\n<\/div>\n<\/div>\n<\/li>\n<li class=\"service_table_content\">\n<ul>\n<li><strong>48000 BTU<\/strong><\/li>\n<li><strong>14 kW<\/strong><\/li>\n<li>A++<\/li>\n<li>R32<\/li>\n<li>Inverter<\/li>\n<li>WIFI Ready<\/li>\n<\/ul>\n<\/li>\n<\/ul>\n<p><\/li><\/ul><\/div>[\/vc_column][vc_column width=&#8221;1\/5&#8243;]<div class='service_table_holder'><ul class='service_table_inner'><li class='service_table_title_holder background_color_type' style=''><div class='service_table_title_inner'><div class='service_table_title_inner2'><\/div><\/div><\/li><li class='service_table_content' style=''><\/p>\n<ul class=\"service_table_inner\">\n<li class=\"service_table_title_holder background_color_type\" style=\"background-color: #dedede;\">\n<div class=\"service_table_title_inner\">\n<div class=\"service_table_title_inner2\">\n<h5 class=\"service_title\" style=\"color: #007380;\">SDU-60HSAU1<\/h5>\n<h5 class=\"service_title\" style=\"color: #007380;\">SND\u201160AUFM\u2011OD<\/h5>\n<\/div>\n<\/div>\n<\/li>\n<li class=\"service_table_content\">\n<ul>\n<li><strong>60000 BTU<\/strong><\/li>\n<li><strong>17,6 kW<\/strong><\/li>\n<li>A++<\/li>\n<li>R32<\/li>\n<li>Inverter<\/li>\n<li>WIFI Ready<\/li>\n<\/ul>\n<\/li>\n<\/ul>\n<p><\/li><\/ul><\/div>[\/vc_column][vc_column width=&#8221;1\/5&#8243;][\/vc_column][\/vc_row][vc_row css_animation=&#8221;&#8221; row_type=&#8221;row&#8221; use_row_as_full_screen_section=&#8221;no&#8221; type=&#8221;full_width&#8221; angled_section=&#8221;no&#8221; text_align=&#8221;center&#8221; background_image_as_pattern=&#8221;without_pattern&#8221; z_index=&#8221;&#8221; css=&#8221;.vc_custom_1657736425901{background-color: #dedede !important;}&#8221;][vc_column width=&#8221;1\/5&#8243;][\/vc_column][vc_column width=&#8221;1\/5&#8243;][\/vc_column][vc_column width=&#8221;1\/5&#8243;][vc_empty_space height=&#8221;60px&#8221;]\n\n\t<a href=\"https:\/\/sendo-klima.hu\/wp-content\/uploads\/2022\/07\/duct-sendo-pinakas-EN.pdf\" target=\"_blank\" style=\"color: #ffffff;background-color: #007683\" class=\"qode-btn qode-btn-medium qode-btn-solid qode-btn-icon qode-btn-icon-square qode-btn-default-hover\"  >\n\t    <span class=\"qode-btn-text\">TECHNIKAI ADATLAP - PDF<\/span><span class=\"qode-button-v2-icon-holder\" style=\"border-color: #ffffff;background-color: #007683\" data-hover-icon-border-color=\"#ffffff\"><i class=\"qode_icon_font_awesome fa fa-file-pdf-o qode-button-v2-icon-holder-inner\" ><\/i><\/span>\t<\/a>\n\n[vc_empty_space height=&#8221;30px&#8221;]\n\n\t<a href=\"https:\/\/sendo-klima.hu\/wp-content\/uploads\/2022\/07\/duct-sendo-catalogue-2020-EN-HQ.pdf\" target=\"_blank\" style=\"color: #ffffff;background-color: #007683\" class=\"qode-btn qode-btn-medium qode-btn-solid qode-btn-icon qode-btn-icon-square qode-btn-default-hover\"  >\n\t    <span class=\"qode-btn-text\">DUCT KATAL\u00d3GUS - PDF<\/span><span class=\"qode-button-v2-icon-holder\" style=\"border-color: #ffffff;background-color: #007683\" data-hover-icon-border-color=\"#ffffff\"><i class=\"qode_icon_font_awesome fa fa-file-pdf-o qode-button-v2-icon-holder-inner\" ><\/i><\/span>\t<\/a>\n\n[vc_empty_space height=&#8221;60px&#8221;][\/vc_column][vc_column width=&#8221;1\/5&#8243;][\/vc_column][vc_column width=&#8221;1\/5&#8243;][\/vc_column][\/vc_row][vc_row css_animation=&#8221;&#8221; row_type=&#8221;row&#8221; use_row_as_full_screen_section=&#8221;no&#8221; type=&#8221;full_width&#8221; angled_section=&#8221;no&#8221; text_align=&#8221;left&#8221; background_image_as_pattern=&#8221;without_pattern&#8221; z_index=&#8221;&#8221; css=&#8221;.vc_custom_1657883991932{background-color: #ffffff !important;}&#8221;][vc_column][vc_empty_space height=&#8221;40px&#8221;][vc_text_separator title=&#8221;Alap tulajdons\u00e1gok&#8221; border=&#8221;no&#8221; background_color=&#8221;#dedede&#8221; title_color=&#8221;#898989&#8243;][vc_empty_space height=&#8221;40px&#8221;][\/vc_column][\/vc_row][vc_row css_animation=&#8221;&#8221; row_type=&#8221;row&#8221; use_row_as_full_screen_section=&#8221;no&#8221; type=&#8221;full_width&#8221; angled_section=&#8221;no&#8221; text_align=&#8221;left&#8221; background_image_as_pattern=&#8221;without_pattern&#8221; css=&#8221;.vc_custom_1657883890853{background-color: #ffffff !important;}&#8221; z_index=&#8221;&#8221;][vc_column width=&#8221;1\/6&#8243;][\/vc_column][vc_column width=&#8221;1\/6&#8243;][vc_empty_space][vc_single_image image=&#8221;15398&#8243; alignment=&#8221;center&#8221; qode_css_animation=&#8221;&#8221;][vc_column_text]<\/p>\n<p style=\"text-align: center;\">Id\u0151z\u00edt\u0151<\/p>\n<p>[\/vc_column_text][\/vc_column][vc_column width=&#8221;1\/6&#8243;][vc_empty_space][vc_single_image image=&#8221;15391&#8243; alignment=&#8221;center&#8221; qode_css_animation=&#8221;&#8221;][vc_column_text]<\/p>\n<p style=\"text-align: center;\">\u00c1ramsz\u00fcnet mem\u00f3ria<\/p>\n<p>[\/vc_column_text][\/vc_column][vc_column width=&#8221;1\/6&#8243;][vc_empty_space][vc_single_image image=&#8221;15396&#8243; alignment=&#8221;center&#8221; qode_css_animation=&#8221;&#8221;][vc_column_text]<\/p>\n<p style=\"text-align: center;\">\u00c9jszakai \u00fczemm\u00f3d<\/p>\n<p>[\/vc_column_text][\/vc_column][vc_column width=&#8221;1\/6&#8243;][vc_empty_space][vc_single_image image=&#8221;15733&#8243; alignment=&#8221;center&#8221; qode_css_animation=&#8221;&#8221;][vc_column_text]<\/p>\n<p style=\"text-align: center;\">Alacsony h\u0151m\u00e9rs\u00e9klet m\u00f3d<\/p>\n<p>[\/vc_column_text][\/vc_column][vc_column width=&#8221;1\/6&#8243;][\/vc_column][\/vc_row][vc_row css_animation=&#8221;&#8221; row_type=&#8221;row&#8221; use_row_as_full_screen_section=&#8221;no&#8221; type=&#8221;full_width&#8221; angled_section=&#8221;no&#8221; text_align=&#8221;left&#8221; background_image_as_pattern=&#8221;without_pattern&#8221; css=&#8221;.vc_custom_1657883901048{background-color: #ffffff !important;}&#8221; z_index=&#8221;&#8221;][vc_column width=&#8221;1\/5&#8243;][\/vc_column][vc_column width=&#8221;1\/5&#8243;][vc_empty_space][vc_single_image image=&#8221;15802&#8243; alignment=&#8221;center&#8221; qode_css_animation=&#8221;&#8221;][vc_column_text]<\/p>\n<p style=\"text-align: center;\">T\u00f6bbsebess\u00e9ges k\u00fcls\u0151 ventil\u00e1tor<\/p>\n<p>[\/vc_column_text][\/vc_column][vc_column width=&#8221;1\/5&#8243;][vc_empty_space][vc_single_image image=&#8221;15803&#8243; alignment=&#8221;center&#8221; qode_css_animation=&#8221;&#8221;][vc_column_text]<\/p>\n<p style=\"text-align: center;\">Tiszta leveg\u0151<\/p>\n<p>[\/vc_column_text][\/vc_column][vc_column width=&#8221;1\/5&#8243;][vc_empty_space][vc_single_image image=&#8221;15804&#8243; alignment=&#8221;center&#8221; qode_css_animation=&#8221;&#8221;][vc_column_text]<\/p>\n<p style=\"text-align: center;\">Vezet\u00e9kes t\u00e1vir\u00e1ny\u00edt\u00f3<\/p>\n<p>[\/vc_column_text][\/vc_column][vc_column width=&#8221;1\/5&#8243;][\/vc_column][\/vc_row][vc_row css_animation=&#8221;&#8221; row_type=&#8221;row&#8221; use_row_as_full_screen_section=&#8221;no&#8221; type=&#8221;full_width&#8221; angled_section=&#8221;no&#8221; text_align=&#8221;left&#8221; background_image_as_pattern=&#8221;without_pattern&#8221; css=&#8221;.vc_custom_1657883901048{background-color: #ffffff !important;}&#8221; z_index=&#8221;&#8221;][vc_column][vc_empty_space height=&#8221;60px&#8221;][\/vc_column][\/vc_row][vc_row css_animation=&#8221;&#8221; row_type=&#8221;row&#8221; use_row_as_full_screen_section=&#8221;no&#8221; type=&#8221;full_width&#8221; angled_section=&#8221;no&#8221; text_align=&#8221;left&#8221; background_image_as_pattern=&#8221;without_pattern&#8221; z_index=&#8221;&#8221; css=&#8221;.vc_custom_1657886571789{background-color: #3399a5 !important;}&#8221;][vc_column width=&#8221;1\/4&#8243;][\/vc_column][vc_column width=&#8221;1\/4&#8243;][vc_empty_space height=&#8221;40px&#8221;][vc_column_text]<\/p>\n<h3><span style=\"color: #ffffff;\">\u00c9rdekl\u0151dj\u00f6n most!<\/span><\/h3>\n<p><span style=\"color: #ffffff;\">Munkat\u00e1rsunk a lehet\u0151 legr\u00f6videbb id\u0151n bel\u00fcl jelentkezik \u00d6nn\u00e9l telefonon.<\/span><\/p>\n<p>[\/vc_column_text][vc_empty_space height=&#8221;40px&#8221;][\/vc_column][vc_column width=&#8221;1\/4&#8243;][vc_empty_space height=&#8221;40px&#8221;]\n\n\t<a href=\"https:\/\/sendo-klima.hu\/kapcsolat\/\" target=\"_blank\" style=\"color: #ffffff;background-color: #007683;margin: 1px 1px 1px 1px\" class=\"qode-btn qode-btn-medium qode-btn-solid qode-btn-custom-hover-color qode-btn-icon-square qode-btn-default-hover\" data-hover-color=\"#020202\" >\n\t    <span class=\"qode-btn-text\">\u00c9RDEKL\u0150D\u00c9S<\/span><span class=\"qode-button-v2-icon-holder\" style=\"border-color: #ffffff;background-color: #ffffff\" data-hover-icon-border-color=\"#ffffff\"><i class=\"qode_icon_font_awesome fa  qode-button-v2-icon-holder-inner\" ><\/i><\/span>\t<\/a>\n\n[vc_empty_space height=&#8221;40px&#8221;][\/vc_column][vc_column width=&#8221;1\/4&#8243;][\/vc_column][\/vc_row]<\/p>\n","protected":false},"excerpt":{"rendered":"<p>[vc_row css_animation=&#8221;&#8221; row_type=&#8221;row&#8221; use_row_as_full_screen_section=&#8221;no&#8221; type=&#8221;full_width&#8221; angled_section=&#8221;no&#8221; text_align=&#8221;left&#8221; background_image_as_pattern=&#8221;without_pattern&#8221; css=&#8221;.vc_custom_1655558006675{background-color: #f4f4f4 !important;}&#8221; z_index=&#8221;&#8221;][vc_column][vc_column_text] KEZD\u0150LAP\u00a0 \/\u00a0 TERM\u00c9KEK\u00a0 \/\u00a0\u00a0V\u00c1LLALATI KL\u00cdMABERENDEZ\u00c9SEK\u00a0 \/\u00a0 L\u00c9GCSATORN\u00c1ZHAT\u00d3 KL\u00cdMA [\/vc_column_text][\/vc_column][\/vc_row][vc_row css_animation=&#8221;&#8221; row_type=&#8221;row&#8221; use_row_as_full_screen_section=&#8221;yes&#8221; type=&#8221;full_width&#8221; angled_section=&#8221;no&#8221; text_align=&#8221;center&#8221; background_image_as_pattern=&#8221;without_pattern&#8221; css=&#8221;.vc_custom_1659259841758{padding-top: 280px !important;padding-bottom: 280px !important;background-color: #f4f4f4 !important;}&#8221; z_index=&#8221;&#8221; background_image=&#8221;15777&#8243;][vc_column][\/vc_column][\/vc_row][vc_row css_animation=&#8221;&#8221; row_type=&#8221;row&#8221; use_row_as_full_screen_section=&#8221;no&#8221; type=&#8221;full_width&#8221; angled_section=&#8221;no&#8221; text_align=&#8221;left&#8221; background_image_as_pattern=&#8221;without_pattern&#8221; css=&#8221;.vc_custom_1655558006675{background-color:&#8230;<\/p>\n","protected":false},"author":1,"featured_media":0,"parent":0,"menu_order":0,"comment_status":"closed","ping_status":"closed","template":"full_width.php","meta":{"footnotes":""},"class_list":["post-15229","page","type-page","status-publish","hentry"],"_links":{"self":[{"href":"https:\/\/tauriltrade.hu\/sendo\/wp-json\/wp\/v2\/pages\/15229","targetHints":{"allow":["GET"]}}],"collection":[{"href":"https:\/\/tauriltrade.hu\/sendo\/wp-json\/wp\/v2\/pages"}],"about":[{"href":"https:\/\/tauriltrade.hu\/sendo\/wp-json\/wp\/v2\/types\/page"}],"author":[{"embeddable":true,"href":"https:\/\/tauriltrade.hu\/sendo\/wp-json\/wp\/v2\/users\/1"}],"replies":[{"embeddable":true,"href":"https:\/\/tauriltrade.hu\/sendo\/wp-json\/wp\/v2\/comments?post=15229"}],"version-history":[{"count":17,"href":"https:\/\/tauriltrade.hu\/sendo\/wp-json\/wp\/v2\/pages\/15229\/revisions"}],"predecessor-version":[{"id":16078,"href":"https:\/\/tauriltrade.hu\/sendo\/wp-json\/wp\/v2\/pages\/15229\/revisions\/16078"}],"wp:attachment":[{"href":"https:\/\/tauriltrade.hu\/sendo\/wp-json\/wp\/v2\/media?parent=15229"}],"curies":[{"name":"wp","href":"https:\/\/api.w.org\/{rel}","templated":true}]}}