{"id":15232,"date":"2022-07-13T15:38:56","date_gmt":"2022-07-13T15:38:56","guid":{"rendered":"https:\/\/sendo-klima.hu\/?page_id=15232"},"modified":"2022-08-18T17:44:10","modified_gmt":"2022-08-18T17:44:10","slug":"kazettas-klima","status":"publish","type":"page","link":"https:\/\/tauriltrade.hu\/sendo\/kazettas-klima\/","title":{"rendered":"Kazett\u00e1s kl\u00edma"},"content":{"rendered":"<p>[vc_row css_animation=&#8221;&#8221; row_type=&#8221;row&#8221; use_row_as_full_screen_section=&#8221;no&#8221; type=&#8221;full_width&#8221; angled_section=&#8221;no&#8221; text_align=&#8221;left&#8221; background_image_as_pattern=&#8221;without_pattern&#8221; css=&#8221;.vc_custom_1655558006675{background-color: #f4f4f4 !important;}&#8221; z_index=&#8221;&#8221;][vc_column][vc_column_text]<\/p>\n<div class=\"vc_empty_space\" style=\"height: 32px;\"><\/div>\n<p style=\"text-align: center;\"><a href=\"https:\/\/sendo-klima.hu\/\">KEZD\u0150LAP<\/a>\u00a0 <strong>\/<\/strong>\u00a0 <a href=\"https:\/\/sendo-klima.hu\/termekek\/\">TERM\u00c9KEK<\/a>\u00a0 <strong>\/<\/strong>\u00a0\u00a0<a href=\"https:\/\/sendo-klima.hu\/vallalati-klimaberendezesek\/\">V\u00c1LLALATI KL\u00cdMABERENDEZ\u00c9SEK<\/a>\u00a0 <strong>\/\u00a0<\/strong> KAZETT\u00c1S KL\u00cdMA<\/p>\n<div class=\"vc_empty_space\" style=\"height: 32px;\"><\/div>\n<p>[\/vc_column_text][\/vc_column][\/vc_row][vc_row css_animation=&#8221;&#8221; row_type=&#8221;row&#8221; use_row_as_full_screen_section=&#8221;yes&#8221; type=&#8221;full_width&#8221; angled_section=&#8221;no&#8221; text_align=&#8221;center&#8221; background_image_as_pattern=&#8221;without_pattern&#8221; css=&#8221;.vc_custom_1659262693541{padding-top: 280px !important;padding-bottom: 280px !important;background-color: #f4f4f4 !important;}&#8221; z_index=&#8221;&#8221; background_image=&#8221;15808&#8243;][vc_column][\/vc_column][\/vc_row][vc_row css_animation=&#8221;&#8221; row_type=&#8221;row&#8221; use_row_as_full_screen_section=&#8221;no&#8221; type=&#8221;full_width&#8221; angled_section=&#8221;no&#8221; text_align=&#8221;left&#8221; background_image_as_pattern=&#8221;without_pattern&#8221; css=&#8221;.vc_custom_1655558006675{background-color: #f4f4f4 !important;}&#8221; z_index=&#8221;&#8221;][vc_column css=&#8221;.vc_custom_1655559819147{background-color: #ffffff !important;}&#8221;][vc_single_image image=&#8221;15810&#8243; img_size=&#8221;large&#8221; alignment=&#8221;center&#8221; qode_css_animation=&#8221;&#8221;][vc_single_image image=&#8221;15811&#8243; img_size=&#8221;medium&#8221; alignment=&#8221;center&#8221; qode_css_animation=&#8221;&#8221;][\/vc_column][\/vc_row][vc_row css_animation=&#8221;&#8221; row_type=&#8221;row&#8221; use_row_as_full_screen_section=&#8221;no&#8221; type=&#8221;full_width&#8221; angled_section=&#8221;no&#8221; text_align=&#8221;left&#8221; background_image_as_pattern=&#8221;without_pattern&#8221; css=&#8221;.vc_custom_1655560003987{background-color: #ffffff !important;}&#8221; z_index=&#8221;&#8221;][vc_column width=&#8221;1\/4&#8243;][\/vc_column][vc_column width=&#8221;1\/2&#8243;][vc_empty_space][vc_column_text]<\/p>\n<p style=\"text-align: center;\">A munkahelyek sokf\u00e9les\u00e9ge volt az egyik f\u0151 jellemz\u0151, amelyet figyelembe vett\u00fcnk a Sendo l\u00e9gkazett\u00e1s egys\u00e9gek tervez\u00e9sekor. Az irod\u00e1k, bev\u00e1s\u00e1rl\u00f3k\u00f6zpontok, \u00e9ttermek \u00e9s t\u00e1rgyal\u00f3termek olyan helyek, ahol olyan inform\u00e1ci\u00f3kat \u00e9s adatokat nyert\u00fcnk, amelyek elemz\u00e9s\u00e9vel felt\u00e1rtuk a l\u00e9gkondicion\u00e1l\u00f3ink er\u0151ss\u00e9geit. A tov\u00e1bbfejlesztett, egyszer\u0171, funkcion\u00e1lis \u00e9s st\u00edlusos megjelen\u00e9s\u0171 kezel\u0151panel, az ultraalacsony profil, amely st\u00edlusosan illeszkedik b\u00e1rmely helyis\u00e9gbe, az \u00faj red\u0151ny\u00f6k \u00e9s a szervizajt\u00f3 korszer\u0171s\u00edtik \u00e9s optimaliz\u00e1lj\u00e1k a k\u00e9sz\u00fcl\u00e9k m\u0171k\u00f6d\u00e9s\u00e9t \u00e9s haszn\u00e1lhat\u00f3s\u00e1g\u00e1t b\u00e1rmilyen k\u00f6rnyezetben, legyen az professzion\u00e1lis vagy nem professzion\u00e1lis. A k\u00f6rk\u00f6r\u00f6s l\u00e9g\u00e1raml\u00e1s lehet\u0151v\u00e9 teszi a stabil \u00e9s k\u00e9nyelmes h\u0151m\u00e9rs\u00e9kleti k\u00f6rnyezet fenntart\u00e1s\u00e1t a klimatiz\u00e1lt t\u00e9r minden r\u00e9sz\u00e9ben. A WiFi Ready Remote, az R32 k\u00f6rnyezetbar\u00e1t h\u0171t\u0151k\u00f6zeg \u00e9s az inverter technol\u00f3gia kieg\u00e9sz\u00edti a kirak\u00f3s j\u00e1t\u00e9kot. Sendo k\u00f6rnyezet b\u00e1rhol, b\u00e1rmikor.<\/p>\n<p>[\/vc_column_text][vc_empty_space][\/vc_column][vc_column width=&#8221;1\/4&#8243;][\/vc_column][\/vc_row][vc_row css_animation=&#8221;&#8221; row_type=&#8221;row&#8221; use_row_as_full_screen_section=&#8221;no&#8221; type=&#8221;full_width&#8221; angled_section=&#8221;no&#8221; text_align=&#8221;left&#8221; background_image_as_pattern=&#8221;without_pattern&#8221; css=&#8221;.vc_custom_1655560003987{background-color: #ffffff !important;}&#8221; z_index=&#8221;&#8221;][vc_column width=&#8221;1\/6&#8243;][\/vc_column][vc_column width=&#8221;2\/3&#8243;][vc_single_image image=&#8221;15727&#8243; alignment=&#8221;center&#8221; qode_css_animation=&#8221;&#8221;][\/vc_column][vc_column width=&#8221;1\/6&#8243;][\/vc_column][\/vc_row][vc_row css_animation=&#8221;&#8221; row_type=&#8221;row&#8221; use_row_as_full_screen_section=&#8221;no&#8221; type=&#8221;full_width&#8221; angled_section=&#8221;no&#8221; text_align=&#8221;left&#8221; background_image_as_pattern=&#8221;without_pattern&#8221; css=&#8221;.vc_custom_1655560003987{background-color: #ffffff !important;}&#8221; z_index=&#8221;&#8221;][vc_column width=&#8221;1\/3&#8243;][\/vc_column][vc_column width=&#8221;1\/3&#8243;][vc_empty_space][vc_column_text]<\/p>\n<h3 style=\"text-align: center;\"><strong>KAZETT\u00c1S KL\u00cdMA: MODELLEK<\/strong><\/h3>\n<p>[\/vc_column_text][vc_empty_space][\/vc_column][vc_column width=&#8221;1\/3&#8243;][\/vc_column][\/vc_row][vc_row css_animation=&#8221;&#8221; row_type=&#8221;row&#8221; use_row_as_full_screen_section=&#8221;no&#8221; type=&#8221;full_width&#8221; angled_section=&#8221;no&#8221; text_align=&#8221;left&#8221; background_image_as_pattern=&#8221;without_pattern&#8221; css=&#8221;.vc_custom_1655560003987{background-color: #ffffff !important;}&#8221; z_index=&#8221;&#8221;][vc_column width=&#8221;1\/6&#8243;][\/vc_column][vc_column width=&#8221;1\/6&#8243;]<div class='service_table_holder'><ul class='service_table_inner'><li class='service_table_title_holder background_color_type' style=''><div class='service_table_title_inner'><div class='service_table_title_inner2'><\/div><\/div><\/li><li class='service_table_content' style=''><\/p>\n<ul class=\"service_table_inner\">\n<li class=\"service_table_title_holder background_color_type\" style=\"background-color: #dedede;\">\n<div class=\"service_table_title_inner\">\n<div class=\"service_table_title_inner2\">\n<h5 class=\"service_title\" style=\"color: #007380;\">SCU-18RTAU1<\/h5>\n<h5 class=\"service_title\" style=\"color: #007380;\">MB09MB13<\/h5>\n<h5 class=\"service_title\" style=\"color: #007380;\">SND\u201118AUFM\u2011OD<\/h5>\n<\/div>\n<\/div>\n<\/li>\n<li class=\"service_table_content\">\n<ul>\n<li><strong>18000 BTU<\/strong><\/li>\n<li><strong>5,3 kW<\/strong><\/li>\n<li>A++<\/li>\n<li>R32<\/li>\n<li>Inverter<\/li>\n<li>WIFI Ready<\/li>\n<\/ul>\n<\/li>\n<\/ul>\n<p><\/li><\/ul><\/div>[\/vc_column][vc_column width=&#8221;1\/6&#8243;]<div class='service_table_holder'><ul class='service_table_inner'><li class='service_table_title_holder background_color_type' style=''><div class='service_table_title_inner'><div class='service_table_title_inner2'><\/div><\/div><\/li><li class='service_table_content' style=''><\/p>\n<ul class=\"service_table_inner\">\n<li class=\"service_table_title_holder background_color_type\" style=\"background-color: #dedede;\">\n<div class=\"service_table_title_inner\">\n<div class=\"service_table_title_inner2\">\n<h5 class=\"service_title\" style=\"color: #007380;\">SCU-24RTAU1<\/h5>\n<h5 class=\"service_title\" style=\"color: #007380;\">MB08MB12<\/h5>\n<h5 class=\"service_title\" style=\"color: #007380;\">SND\u201124AUFM\u2011OD<\/h5>\n<\/div>\n<\/div>\n<\/li>\n<li class=\"service_table_content\">\n<ul>\n<li><strong>24000 BTU<\/strong><\/li>\n<li><strong>7 kW<\/strong><\/li>\n<li>A++<\/li>\n<li>R32<\/li>\n<li>Inverter<\/li>\n<li>WIFI Ready<\/li>\n<\/ul>\n<\/li>\n<\/ul>\n<p><\/li><\/ul><\/div>[\/vc_column][vc_column width=&#8221;1\/6&#8243;]<div class='service_table_holder'><ul class='service_table_inner'><li class='service_table_title_holder background_color_type' style=''><div class='service_table_title_inner'><div class='service_table_title_inner2'><\/div><\/div><\/li><li class='service_table_content' style=''><\/p>\n<ul class=\"service_table_inner\">\n<li class=\"service_table_title_holder background_color_type\" style=\"background-color: #dedede;\">\n<div class=\"service_table_title_inner\">\n<div class=\"service_table_title_inner2\">\n<h5 class=\"service_title\" style=\"color: #007380;\">SCU-48RTAU1<\/h5>\n<h5 class=\"service_title\" style=\"color: #007380;\">MB08MB12<\/h5>\n<h5 class=\"service_title\" style=\"color: #007380;\">SND\u201148AUFM\u2011OD<\/h5>\n<\/div>\n<\/div>\n<\/li>\n<li class=\"service_table_content\">\n<ul>\n<li><strong>48000 BTU<\/strong><\/li>\n<li><strong>14 kW<\/strong><\/li>\n<li>A++<\/li>\n<li>R32<\/li>\n<li>Inverter<\/li>\n<li>WIFI Ready<\/li>\n<\/ul>\n<\/li>\n<\/ul>\n<p><\/li><\/ul><\/div>[\/vc_column][vc_column width=&#8221;1\/6&#8243;]<div class='service_table_holder'><ul class='service_table_inner'><li class='service_table_title_holder background_color_type' style=''><div class='service_table_title_inner'><div class='service_table_title_inner2'><\/div><\/div><\/li><li class='service_table_content' style=''><\/p>\n<ul class=\"service_table_inner\">\n<li class=\"service_table_title_holder background_color_type\" style=\"background-color: #dedede;\">\n<div class=\"service_table_title_inner\">\n<div class=\"service_table_title_inner2\">\n<h5 class=\"service_title\" style=\"color: #007380;\">SCU-60RTAU1<\/h5>\n<h5 class=\"service_title\" style=\"color: #007380;\">MB08MB12<\/h5>\n<h5 class=\"service_title\" style=\"color: #007380;\">SND\u201160AUFM\u2011OD<\/h5>\n<\/div>\n<\/div>\n<\/li>\n<li class=\"service_table_content\">\n<ul>\n<li><strong>60000 BTU<\/strong><\/li>\n<li><strong>17,6 kW<\/strong><\/li>\n<li>A++<\/li>\n<li>R32<\/li>\n<li>Inverter<\/li>\n<li>WIFI Ready<\/li>\n<\/ul>\n<\/li>\n<\/ul>\n<p><\/li><\/ul><\/div>[\/vc_column][vc_column width=&#8221;1\/6&#8243;][\/vc_column][\/vc_row][vc_row css_animation=&#8221;&#8221; row_type=&#8221;row&#8221; use_row_as_full_screen_section=&#8221;no&#8221; type=&#8221;full_width&#8221; angled_section=&#8221;no&#8221; text_align=&#8221;center&#8221; background_image_as_pattern=&#8221;without_pattern&#8221; z_index=&#8221;&#8221; css=&#8221;.vc_custom_1657736425901{background-color: #dedede !important;}&#8221;][vc_column width=&#8221;1\/5&#8243;][\/vc_column][vc_column width=&#8221;1\/5&#8243;][\/vc_column][vc_column width=&#8221;1\/5&#8243;][vc_empty_space height=&#8221;60px&#8221;]\n\n\t<a href=\"https:\/\/sendo-klima.hu\/wp-content\/uploads\/2022\/07\/casette-sendo-pinakas-EN.pdf\" target=\"_blank\" style=\"color: #ffffff;background-color: #007683\" class=\"qode-btn qode-btn-medium qode-btn-solid qode-btn-icon qode-btn-icon-square qode-btn-default-hover\"  >\n\t    <span class=\"qode-btn-text\">TECHNIKAI ADATLAP - PDF<\/span><span class=\"qode-button-v2-icon-holder\" style=\"border-color: #ffffff;background-color: #007683\" data-hover-icon-border-color=\"#ffffff\"><i class=\"qode_icon_font_awesome fa fa-file-pdf-o qode-button-v2-icon-holder-inner\" ><\/i><\/span>\t<\/a>\n\n[vc_empty_space height=&#8221;30px&#8221;]\n\n\t<a href=\"https:\/\/sendo-klima.hu\/wp-content\/uploads\/2022\/07\/casette-sendo-catalogue-2020-EN-HQ.pdff\" target=\"_blank\" style=\"color: #ffffff;background-color: #007683\" class=\"qode-btn qode-btn-medium qode-btn-solid qode-btn-icon qode-btn-icon-square qode-btn-default-hover\"  >\n\t    <span class=\"qode-btn-text\">KAZETT\u00c1S KATAL\u00d3GUS - PDF<\/span><span class=\"qode-button-v2-icon-holder\" style=\"border-color: #ffffff;background-color: #007683\" data-hover-icon-border-color=\"#ffffff\"><i class=\"qode_icon_font_awesome fa fa-file-pdf-o qode-button-v2-icon-holder-inner\" ><\/i><\/span>\t<\/a>\n\n[vc_empty_space height=&#8221;60px&#8221;][\/vc_column][vc_column width=&#8221;1\/5&#8243;][\/vc_column][vc_column width=&#8221;1\/5&#8243;][\/vc_column][\/vc_row][vc_row css_animation=&#8221;&#8221; row_type=&#8221;row&#8221; use_row_as_full_screen_section=&#8221;no&#8221; type=&#8221;full_width&#8221; angled_section=&#8221;no&#8221; text_align=&#8221;left&#8221; background_image_as_pattern=&#8221;without_pattern&#8221; z_index=&#8221;&#8221; css=&#8221;.vc_custom_1657883991932{background-color: #ffffff !important;}&#8221;][vc_column][vc_empty_space height=&#8221;40px&#8221;][vc_text_separator title=&#8221;Alap tulajdons\u00e1gok&#8221; border=&#8221;no&#8221; background_color=&#8221;#dedede&#8221; title_color=&#8221;#898989&#8243;][vc_empty_space height=&#8221;40px&#8221;][\/vc_column][\/vc_row][vc_row css_animation=&#8221;&#8221; row_type=&#8221;row&#8221; use_row_as_full_screen_section=&#8221;no&#8221; type=&#8221;full_width&#8221; angled_section=&#8221;no&#8221; text_align=&#8221;left&#8221; background_image_as_pattern=&#8221;without_pattern&#8221; css=&#8221;.vc_custom_1657883901048{background-color: #ffffff !important;}&#8221; z_index=&#8221;&#8221;][vc_column width=&#8221;1\/5&#8243;][\/vc_column][vc_column width=&#8221;1\/5&#8243;][\/vc_column][vc_column width=&#8221;1\/5&#8243;][vc_empty_space][vc_single_image image=&#8221;15821&#8243; img_size=&#8221;medium&#8221; alignment=&#8221;center&#8221; qode_css_animation=&#8221;&#8221;][vc_column_text]<\/p>\n<p style=\"text-align: center;\">A k\u00f6rk\u00f6r\u00f6s l\u00e9g\u00e1raml\u00e1ssal a leveg\u0151 a l\u00e9gkondicion\u00e1lt ter\u00fclet minden pontj\u00e1ra eljut, stabil \u00e9s k\u00e9nyelmes h\u0151m\u00e9rs\u00e9kleti k\u00f6rnyezetet biztos\u00edtva.<\/p>\n<p>[\/vc_column_text][\/vc_column][vc_column width=&#8221;1\/5&#8243;][\/vc_column][vc_column width=&#8221;1\/5&#8243;][\/vc_column][\/vc_row][vc_row css_animation=&#8221;&#8221; row_type=&#8221;row&#8221; use_row_as_full_screen_section=&#8221;no&#8221; type=&#8221;full_width&#8221; angled_section=&#8221;no&#8221; text_align=&#8221;left&#8221; background_image_as_pattern=&#8221;without_pattern&#8221; css=&#8221;.vc_custom_1657883890853{background-color: #ffffff !important;}&#8221; z_index=&#8221;&#8221;][vc_column width=&#8221;1\/6&#8243;][\/vc_column][vc_column width=&#8221;1\/6&#8243;][vc_empty_space][vc_single_image image=&#8221;15823&#8243; alignment=&#8221;center&#8221; qode_css_animation=&#8221;&#8221;][vc_column_text]<\/p>\n<p style=\"text-align: center;\">Alacsony profil<\/p>\n<p>[\/vc_column_text][\/vc_column][vc_column width=&#8221;1\/6&#8243;][vc_empty_space][vc_single_image image=&#8221;15824&#8243; alignment=&#8221;center&#8221; qode_css_animation=&#8221;&#8221;][vc_column_text]<\/p>\n<p style=\"text-align: center;\">\u00daj red\u0151ny\u00f6k<\/p>\n<p>[\/vc_column_text][\/vc_column][vc_column width=&#8221;1\/6&#8243;][vc_empty_space][vc_single_image image=&#8221;15825&#8243; alignment=&#8221;center&#8221; qode_css_animation=&#8221;&#8221;][vc_column_text]<\/p>\n<p style=\"text-align: center;\">Karbantart\u00e1s csatlakoz\u00e1si pont<\/p>\n<p>[\/vc_column_text][\/vc_column][vc_column width=&#8221;1\/6&#8243;][vc_empty_space][vc_single_image image=&#8221;15826&#8243; alignment=&#8221;center&#8221; qode_css_animation=&#8221;&#8221;][vc_column_text]<\/p>\n<p style=\"text-align: center;\">\u00daj f\u00e9nyjelz\u0151k a standard panelhez<\/p>\n<p>[\/vc_column_text][\/vc_column][vc_column width=&#8221;1\/6&#8243;][\/vc_column][\/vc_row][vc_row css_animation=&#8221;&#8221; row_type=&#8221;row&#8221; use_row_as_full_screen_section=&#8221;no&#8221; type=&#8221;full_width&#8221; angled_section=&#8221;no&#8221; text_align=&#8221;left&#8221; background_image_as_pattern=&#8221;without_pattern&#8221; css=&#8221;.vc_custom_1657883901048{background-color: #ffffff !important;}&#8221; z_index=&#8221;&#8221;][vc_column][vc_empty_space height=&#8221;60px&#8221;][\/vc_column][\/vc_row][vc_row css_animation=&#8221;&#8221; row_type=&#8221;row&#8221; use_row_as_full_screen_section=&#8221;no&#8221; type=&#8221;full_width&#8221; angled_section=&#8221;no&#8221; text_align=&#8221;left&#8221; background_image_as_pattern=&#8221;without_pattern&#8221; z_index=&#8221;&#8221; css=&#8221;.vc_custom_1657886571789{background-color: #3399a5 !important;}&#8221;][vc_column width=&#8221;1\/4&#8243;][\/vc_column][vc_column width=&#8221;1\/4&#8243;][vc_empty_space height=&#8221;40px&#8221;][vc_column_text]<\/p>\n<h3><span style=\"color: #ffffff;\">\u00c9rdekl\u0151dj\u00f6n most!<\/span><\/h3>\n<p><span style=\"color: #ffffff;\">Munkat\u00e1rsunk a lehet\u0151 legr\u00f6videbb id\u0151n bel\u00fcl jelentkezik \u00d6nn\u00e9l telefonon.<\/span><\/p>\n<p>[\/vc_column_text][vc_empty_space height=&#8221;40px&#8221;][\/vc_column][vc_column width=&#8221;1\/4&#8243;][vc_empty_space height=&#8221;40px&#8221;]\n\n\t<a href=\"https:\/\/sendo-klima.hu\/kapcsolat\/\" target=\"_blank\" style=\"color: #ffffff;background-color: #007683;margin: 1px 1px 1px 1px\" class=\"qode-btn qode-btn-medium qode-btn-solid qode-btn-custom-hover-color qode-btn-icon-square qode-btn-default-hover\" data-hover-color=\"#020202\" >\n\t    <span class=\"qode-btn-text\">\u00c9RDEKL\u0150D\u00c9S<\/span><span class=\"qode-button-v2-icon-holder\" style=\"border-color: #ffffff;background-color: #ffffff\" data-hover-icon-border-color=\"#ffffff\"><i class=\"qode_icon_font_awesome fa  qode-button-v2-icon-holder-inner\" ><\/i><\/span>\t<\/a>\n\n[vc_empty_space height=&#8221;40px&#8221;][\/vc_column][vc_column width=&#8221;1\/4&#8243;][\/vc_column][\/vc_row]<\/p>\n","protected":false},"excerpt":{"rendered":"<p>[vc_row css_animation=&#8221;&#8221; row_type=&#8221;row&#8221; use_row_as_full_screen_section=&#8221;no&#8221; type=&#8221;full_width&#8221; angled_section=&#8221;no&#8221; text_align=&#8221;left&#8221; background_image_as_pattern=&#8221;without_pattern&#8221; css=&#8221;.vc_custom_1655558006675{background-color: #f4f4f4 !important;}&#8221; z_index=&#8221;&#8221;][vc_column][vc_column_text] KEZD\u0150LAP\u00a0 \/\u00a0 TERM\u00c9KEK\u00a0 \/\u00a0\u00a0V\u00c1LLALATI KL\u00cdMABERENDEZ\u00c9SEK\u00a0 \/\u00a0 KAZETT\u00c1S KL\u00cdMA [\/vc_column_text][\/vc_column][\/vc_row][vc_row css_animation=&#8221;&#8221; row_type=&#8221;row&#8221; use_row_as_full_screen_section=&#8221;yes&#8221; type=&#8221;full_width&#8221; angled_section=&#8221;no&#8221; text_align=&#8221;center&#8221; background_image_as_pattern=&#8221;without_pattern&#8221; css=&#8221;.vc_custom_1659262693541{padding-top: 280px !important;padding-bottom: 280px !important;background-color: #f4f4f4 !important;}&#8221; z_index=&#8221;&#8221; background_image=&#8221;15808&#8243;][vc_column][\/vc_column][\/vc_row][vc_row css_animation=&#8221;&#8221; row_type=&#8221;row&#8221; use_row_as_full_screen_section=&#8221;no&#8221; type=&#8221;full_width&#8221; angled_section=&#8221;no&#8221; text_align=&#8221;left&#8221; background_image_as_pattern=&#8221;without_pattern&#8221; css=&#8221;.vc_custom_1655558006675{background-color:&#8230;<\/p>\n","protected":false},"author":1,"featured_media":0,"parent":0,"menu_order":0,"comment_status":"closed","ping_status":"closed","template":"full_width.php","meta":{"footnotes":""},"class_list":["post-15232","page","type-page","status-publish","hentry"],"_links":{"self":[{"href":"https:\/\/tauriltrade.hu\/sendo\/wp-json\/wp\/v2\/pages\/15232","targetHints":{"allow":["GET"]}}],"collection":[{"href":"https:\/\/tauriltrade.hu\/sendo\/wp-json\/wp\/v2\/pages"}],"about":[{"href":"https:\/\/tauriltrade.hu\/sendo\/wp-json\/wp\/v2\/types\/page"}],"author":[{"embeddable":true,"href":"https:\/\/tauriltrade.hu\/sendo\/wp-json\/wp\/v2\/users\/1"}],"replies":[{"embeddable":true,"href":"https:\/\/tauriltrade.hu\/sendo\/wp-json\/wp\/v2\/comments?post=15232"}],"version-history":[{"count":14,"href":"https:\/\/tauriltrade.hu\/sendo\/wp-json\/wp\/v2\/pages\/15232\/revisions"}],"predecessor-version":[{"id":16079,"href":"https:\/\/tauriltrade.hu\/sendo\/wp-json\/wp\/v2\/pages\/15232\/revisions\/16079"}],"wp:attachment":[{"href":"https:\/\/tauriltrade.hu\/sendo\/wp-json\/wp\/v2\/media?parent=15232"}],"curies":[{"name":"wp","href":"https:\/\/api.w.org\/{rel}","templated":true}]}}