{"id":15241,"date":"2022-07-13T15:43:47","date_gmt":"2022-07-13T15:43:47","guid":{"rendered":"https:\/\/sendo-klima.hu\/?page_id=15241"},"modified":"2022-08-23T18:50:32","modified_gmt":"2022-08-23T18:50:32","slug":"kezikonyvek","status":"publish","type":"page","link":"https:\/\/tauriltrade.hu\/sendo\/kezikonyvek\/","title":{"rendered":"K\u00e9zik\u00f6nyvek"},"content":{"rendered":"<p>[vc_row css_animation=&#8221;&#8221; row_type=&#8221;row&#8221; use_row_as_full_screen_section=&#8221;no&#8221; type=&#8221;full_width&#8221; angled_section=&#8221;no&#8221; text_align=&#8221;left&#8221; background_image_as_pattern=&#8221;without_pattern&#8221; css=&#8221;.vc_custom_1655558006675{background-color: #f4f4f4 !important;}&#8221; z_index=&#8221;&#8221;][vc_column][vc_column_text]<\/p>\n<div class=\"vc_empty_space\" style=\"height: 32px;\"><\/div>\n<p style=\"text-align: center;\"><a href=\"https:\/\/sendo-klima.hu\/\">KEZD\u0150LAP<\/a>\u00a0\u00a0 <strong>\/\u00a0<\/strong> K\u00e9zik\u00f6nyvek<\/p>\n<div class=\"vc_empty_space\" style=\"height: 32px;\"><\/div>\n<p>[\/vc_column_text][\/vc_column][\/vc_row][vc_row css_animation=&#8221;&#8221; row_type=&#8221;row&#8221; use_row_as_full_screen_section=&#8221;no&#8221; type=&#8221;full_width&#8221; angled_section=&#8221;no&#8221; text_align=&#8221;left&#8221; background_image_as_pattern=&#8221;without_pattern&#8221;][vc_column][vc_column_text]<br \/>\n[\/vc_column_text][\/vc_column][\/vc_row][vc_row css_animation=&#8221;&#8221; row_type=&#8221;row&#8221; use_row_as_full_screen_section=&#8221;no&#8221; type=&#8221;grid&#8221; angled_section=&#8221;no&#8221; text_align=&#8221;left&#8221; background_image_as_pattern=&#8221;without_pattern&#8221; padding_top=&#8221;87&#8243; background_color=&#8221;#ffffff&#8221; padding_bottom=&#8221;95&#8243;][vc_column width=&#8221;1\/4&#8243;][\/vc_column][vc_column width=&#8221;1\/2&#8243;][vc_single_image image=&#8221;15634&#8243; img_size=&#8221;full&#8221; alignment=&#8221;center&#8221; qode_css_animation=&#8221;&#8221;][\/vc_column][vc_column width=&#8221;1\/4&#8243;][\/vc_column][\/vc_row][vc_row css_animation=&#8221;&#8221; row_type=&#8221;row&#8221; use_row_as_full_screen_section=&#8221;no&#8221; type=&#8221;grid&#8221; angled_section=&#8221;no&#8221; text_align=&#8221;left&#8221; background_image_as_pattern=&#8221;without_pattern&#8221; padding_top=&#8221;87&#8243; background_color=&#8221;#ffffff&#8221; padding_bottom=&#8221;95&#8243;][vc_column][vc_column_text]<\/p>\n<h2 style=\"text-align: center;\">Sendo K\u00e9zik\u00f6nyvek<\/h2>\n<p>[\/vc_column_text][vc_separator type=&#8221;normal&#8221; down=&#8221;0&#8243; up=&#8221;40&#8243; color=&#8221;#020202&#8243;][\/vc_column][\/vc_row][vc_row css_animation=&#8221;&#8221; row_type=&#8221;row&#8221; use_row_as_full_screen_section=&#8221;no&#8221; type=&#8221;grid&#8221; angled_section=&#8221;no&#8221; text_align=&#8221;left&#8221; background_image_as_pattern=&#8221;without_pattern&#8221; padding_top=&#8221;87&#8243; background_color=&#8221;#ffffff&#8221; padding_bottom=&#8221;95&#8243;][vc_column width=&#8221;1\/3&#8243;][vc_single_image image=&#8221;15651&#8243; img_size=&#8221;medium&#8221; add_caption=&#8221;yes&#8221; alignment=&#8221;center&#8221; style=&#8221;vc_box_shadow_border&#8221; qode_css_animation=&#8221;&#8221; qode_hover_animation=&#8221;zoom_in&#8221;][vc_empty_space height=&#8221;20px&#8221;][vc_column_text]<\/p>\n<h3 style=\"text-align: center;\"><a href=\"https:\/\/sendo.world\/wp-content\/uploads\/2021\/05\/sendo-installation-manual.pdf\" target=\"_blank\" rel=\"noopener\">Telep\u00edt\u00e9si k\u00e9zik\u00f6nyv<\/a><\/h3>\n<p>[\/vc_column_text][\/vc_column][vc_column width=&#8221;1\/3&#8243;][vc_single_image image=&#8221;15651&#8243; img_size=&#8221;medium&#8221; alignment=&#8221;center&#8221; style=&#8221;vc_box_shadow_border&#8221; qode_css_animation=&#8221;&#8221; qode_hover_animation=&#8221;zoom_in&#8221;][vc_empty_space height=&#8221;20px&#8221;][vc_column_text]<\/p>\n<h3 style=\"text-align: center;\"><a href=\"https:\/\/sendo-klima.hu\/wp-content\/uploads\/2022\/07\/sendo_user_manual.pdf\" target=\"_blank\" rel=\"noopener\">Felhaszn\u00e1l\u00f3i k\u00e9zik\u00f6nyv<\/a><\/h3>\n<h3 style=\"text-align: center;\"><a href=\"https:\/\/sendo-klima.hu\/wp-content\/uploads\/2022\/08\/sendo_user_manual_hu.pdf\" target=\"_blank\" rel=\"noopener\">Magyar nyelv\u0171 Felhaszn\u00e1l\u00f3i k\u00e9zik\u00f6nyv<\/a><\/h3>\n<p>[\/vc_column_text][\/vc_column][vc_column width=&#8221;1\/3&#8243;][vc_single_image image=&#8221;15651&#8243; img_size=&#8221;medium&#8221; alignment=&#8221;center&#8221; style=&#8221;vc_box_shadow_border&#8221; qode_css_animation=&#8221;&#8221; qode_hover_animation=&#8221;zoom_in&#8221;][vc_empty_space height=&#8221;20px&#8221;][vc_column_text]<\/p>\n<h3 style=\"text-align: center;\"><a href=\"https:\/\/sendo-klima.hu\/wp-content\/uploads\/2022\/07\/sendo_remote_control_manual.pdf\" target=\"_blank\" rel=\"noopener\">T\u00e1vir\u00e1ny\u00edt\u00f3 K\u00e9zik\u00f6nyv<\/a><\/h3>\n<p>[\/vc_column_text][\/vc_column][\/vc_row][vc_row css_animation=&#8221;&#8221; row_type=&#8221;row&#8221; use_row_as_full_screen_section=&#8221;no&#8221; type=&#8221;grid&#8221; angled_section=&#8221;no&#8221; text_align=&#8221;left&#8221; background_image_as_pattern=&#8221;without_pattern&#8221; padding_top=&#8221;87&#8243; background_color=&#8221;#ffffff&#8221; padding_bottom=&#8221;95&#8243;][vc_column width=&#8221;1\/3&#8243;][vc_single_image image=&#8221;15651&#8243; img_size=&#8221;large&#8221; add_caption=&#8221;yes&#8221; alignment=&#8221;center&#8221; style=&#8221;vc_box_shadow_border&#8221; qode_css_animation=&#8221;&#8221; qode_hover_animation=&#8221;zoom_in&#8221;][vc_empty_space height=&#8221;20px&#8221;][vc_column_text]<\/p>\n<h3 style=\"text-align: center;\"><a href=\"https:\/\/sendo-klima.hu\/wp-content\/uploads\/2022\/07\/Wi-Fi-Manual-Sendo_Full_tel_ta.pdf\" target=\"_blank\" rel=\"noopener\">WIFI k\u00e9zik\u00f6nyv<\/a><\/h3>\n<p>[\/vc_column_text][\/vc_column][vc_column width=&#8221;1\/3&#8243;][\/vc_column][vc_column width=&#8221;1\/3&#8243;][\/vc_column][\/vc_row]<\/p>\n","protected":false},"excerpt":{"rendered":"<p>[vc_row css_animation=&#8221;&#8221; row_type=&#8221;row&#8221; use_row_as_full_screen_section=&#8221;no&#8221; type=&#8221;full_width&#8221; angled_section=&#8221;no&#8221; text_align=&#8221;left&#8221; background_image_as_pattern=&#8221;without_pattern&#8221; css=&#8221;.vc_custom_1655558006675{background-color: #f4f4f4 !important;}&#8221; z_index=&#8221;&#8221;][vc_column][vc_column_text] KEZD\u0150LAP\u00a0\u00a0 \/\u00a0 K\u00e9zik\u00f6nyvek [\/vc_column_text][\/vc_column][\/vc_row][vc_row css_animation=&#8221;&#8221; row_type=&#8221;row&#8221; use_row_as_full_screen_section=&#8221;no&#8221; type=&#8221;full_width&#8221; angled_section=&#8221;no&#8221; text_align=&#8221;left&#8221; background_image_as_pattern=&#8221;without_pattern&#8221;][vc_column][vc_column_text] [\/vc_column_text][\/vc_column][\/vc_row][vc_row css_animation=&#8221;&#8221; row_type=&#8221;row&#8221; use_row_as_full_screen_section=&#8221;no&#8221; type=&#8221;grid&#8221; angled_section=&#8221;no&#8221; text_align=&#8221;left&#8221; background_image_as_pattern=&#8221;without_pattern&#8221; padding_top=&#8221;87&#8243; background_color=&#8221;#ffffff&#8221; padding_bottom=&#8221;95&#8243;][vc_column width=&#8221;1\/4&#8243;][\/vc_column][vc_column width=&#8221;1\/2&#8243;][vc_single_image image=&#8221;15634&#8243; img_size=&#8221;full&#8221; alignment=&#8221;center&#8221; qode_css_animation=&#8221;&#8221;][\/vc_column][vc_column width=&#8221;1\/4&#8243;][\/vc_column][\/vc_row][vc_row css_animation=&#8221;&#8221; row_type=&#8221;row&#8221; use_row_as_full_screen_section=&#8221;no&#8221; type=&#8221;grid&#8221;&#8230;<\/p>\n","protected":false},"author":1,"featured_media":0,"parent":0,"menu_order":0,"comment_status":"closed","ping_status":"closed","template":"","meta":{"footnotes":""},"class_list":["post-15241","page","type-page","status-publish","hentry"],"_links":{"self":[{"href":"https:\/\/tauriltrade.hu\/sendo\/wp-json\/wp\/v2\/pages\/15241","targetHints":{"allow":["GET"]}}],"collection":[{"href":"https:\/\/tauriltrade.hu\/sendo\/wp-json\/wp\/v2\/pages"}],"about":[{"href":"https:\/\/tauriltrade.hu\/sendo\/wp-json\/wp\/v2\/types\/page"}],"author":[{"embeddable":true,"href":"https:\/\/tauriltrade.hu\/sendo\/wp-json\/wp\/v2\/users\/1"}],"replies":[{"embeddable":true,"href":"https:\/\/tauriltrade.hu\/sendo\/wp-json\/wp\/v2\/comments?post=15241"}],"version-history":[{"count":42,"href":"https:\/\/tauriltrade.hu\/sendo\/wp-json\/wp\/v2\/pages\/15241\/revisions"}],"predecessor-version":[{"id":16232,"href":"https:\/\/tauriltrade.hu\/sendo\/wp-json\/wp\/v2\/pages\/15241\/revisions\/16232"}],"wp:attachment":[{"href":"https:\/\/tauriltrade.hu\/sendo\/wp-json\/wp\/v2\/media?parent=15241"}],"curies":[{"name":"wp","href":"https:\/\/api.w.org\/{rel}","templated":true}]}}