{"id":15504,"date":"2022-07-15T16:11:16","date_gmt":"2022-07-15T16:11:16","guid":{"rendered":"https:\/\/sendo-klima.hu\/?page_id=15504"},"modified":"2022-07-15T18:56:31","modified_gmt":"2022-07-15T18:56:31","slug":"san-remo","status":"publish","type":"page","link":"https:\/\/tauriltrade.hu\/sendo\/san-remo\/","title":{"rendered":"San Remo"},"content":{"rendered":"<p>[vc_row css_animation=&#8221;&#8221; row_type=&#8221;row&#8221; use_row_as_full_screen_section=&#8221;no&#8221; type=&#8221;full_width&#8221; angled_section=&#8221;no&#8221; text_align=&#8221;left&#8221; background_image_as_pattern=&#8221;without_pattern&#8221; css=&#8221;.vc_custom_1655558006675{background-color: #f4f4f4 !important;}&#8221; z_index=&#8221;&#8221;][vc_column][vc_column_text]<\/p>\n<div class=\"vc_empty_space\" style=\"height: 32px;\"><\/div>\n<p style=\"text-align: center;\"><a href=\"https:\/\/sendo-klima.hu\/\">KEZD\u0150LAP<\/a> <strong>\/<\/strong> <a href=\"https:\/\/sendo-klima.hu\/termekek\/\">TERM\u00c9KEK<\/a> <strong>\/<\/strong> <a href=\"https:\/\/sendo-klima.hu\/lakossagi-klimaberendezesek\/\">P\u00c1R\u00c1TLAN\u00cdT\u00d3K<\/a> <strong>\/ <\/strong>SAN REMO<\/p>\n<div class=\"vc_empty_space\" style=\"height: 32px;\"><\/div>\n<p>[\/vc_column_text][\/vc_column][\/vc_row][vc_row css_animation=&#8221;&#8221; row_type=&#8221;row&#8221; use_row_as_full_screen_section=&#8221;yes&#8221; type=&#8221;full_width&#8221; angled_section=&#8221;no&#8221; text_align=&#8221;center&#8221; background_image_as_pattern=&#8221;without_pattern&#8221; css=&#8221;.vc_custom_1657911012018{padding-top: 280px !important;padding-bottom: 280px !important;background-color: #f4f4f4 !important;}&#8221; z_index=&#8221;&#8221; background_image=&#8221;15547&#8243;][vc_column][\/vc_column][\/vc_row][vc_row css_animation=&#8221;&#8221; row_type=&#8221;row&#8221; use_row_as_full_screen_section=&#8221;no&#8221; type=&#8221;full_width&#8221; angled_section=&#8221;no&#8221; text_align=&#8221;left&#8221; background_image_as_pattern=&#8221;without_pattern&#8221; css=&#8221;.vc_custom_1655558006675{background-color: #f4f4f4 !important;}&#8221; z_index=&#8221;&#8221;][vc_column css=&#8221;.vc_custom_1655559819147{background-color: #ffffff !important;}&#8221;][vc_single_image image=&#8221;15548&#8243; img_size=&#8221;full&#8221; alignment=&#8221;center&#8221; qode_css_animation=&#8221;&#8221;][vc_single_image image=&#8221;15549&#8243; img_size=&#8221;full&#8221; alignment=&#8221;center&#8221; qode_css_animation=&#8221;&#8221;][\/vc_column][\/vc_row][vc_row css_animation=&#8221;&#8221; row_type=&#8221;row&#8221; use_row_as_full_screen_section=&#8221;no&#8221; type=&#8221;full_width&#8221; angled_section=&#8221;no&#8221; text_align=&#8221;left&#8221; background_image_as_pattern=&#8221;without_pattern&#8221; css=&#8221;.vc_custom_1655560003987{background-color: #ffffff !important;}&#8221; z_index=&#8221;&#8221;][vc_column width=&#8221;1\/4&#8243;][\/vc_column][vc_column width=&#8221;1\/2&#8243;][vc_empty_space][vc_column_text]<\/p>\n<p style=\"text-align: center;\">A Sendo p\u00e1r\u00e1tlan\u00edt\u00f3 k\u00e9sz\u00fcl\u00e9kek sorozata a v\u00e9gs\u0151 megold\u00e1st k\u00edn\u00e1lja \u00d6nnek, aki ide\u00e1lis munkak\u00f6rnyezetre \u00e9s k\u00e9nyelmes tart\u00f3zkod\u00e1sra v\u00e1gyik. A San Remo a modern R290-es biol\u00f3giai ioniz\u00e1l\u00f3 \u00e9s ioniz\u00e1l\u00f3 folyad\u00e9k \u00e9s term\u00e9szetesen az akt\u00edvszenes sz\u0171r\u0151 seg\u00edts\u00e9g\u00e9vel jav\u00edtja a mikrokl\u00edm\u00e1t az \u00d6n helyis\u00e9g\u00e9ben. Az id\u0151z\u00edt\u0151, az automatikus \u00fajraind\u00edt\u00e1s k\u00e9pess\u00e9ge, a 20 literes p\u00e1r\u00e1tlan\u00edt\u00e1si kapacit\u00e1s \u00e9s a ruhasz\u00e1r\u00edt\u00f3 funkci\u00f3 hangs\u00falyozza a k\u00e9sz\u00fcl\u00e9k hasznoss\u00e1g\u00e1t. Az \u00d6n &#8222;k\u00f6rnyezete&#8221; m\u00e1t\u00f3l kezdve soha nem lesz ugyanolyan. A legjobbak itt vannak.<\/p>\n<p>[\/vc_column_text][vc_empty_space][\/vc_column][vc_column width=&#8221;1\/4&#8243;][\/vc_column][\/vc_row][vc_row css_animation=&#8221;&#8221; row_type=&#8221;row&#8221; use_row_as_full_screen_section=&#8221;no&#8221; type=&#8221;full_width&#8221; angled_section=&#8221;no&#8221; text_align=&#8221;left&#8221; background_image_as_pattern=&#8221;without_pattern&#8221; css=&#8221;.vc_custom_1655560003987{background-color: #ffffff !important;}&#8221; z_index=&#8221;&#8221;][vc_column width=&#8221;1\/5&#8243;][\/vc_column][vc_column width=&#8221;1\/5&#8243;][vc_single_image image=&#8221;15269&#8243; alignment=&#8221;center&#8221; qode_css_animation=&#8221;&#8221;][\/vc_column][vc_column width=&#8221;1\/5&#8243;][vc_single_image image=&#8221;15270&#8243; alignment=&#8221;center&#8221; qode_css_animation=&#8221;&#8221;][\/vc_column][vc_column width=&#8221;1\/5&#8243;][vc_single_image image=&#8221;15435&#8243; alignment=&#8221;center&#8221; qode_css_animation=&#8221;&#8221;][\/vc_column][vc_column width=&#8221;1\/5&#8243;][\/vc_column][\/vc_row][vc_row css_animation=&#8221;&#8221; row_type=&#8221;row&#8221; use_row_as_full_screen_section=&#8221;no&#8221; type=&#8221;full_width&#8221; angled_section=&#8221;no&#8221; text_align=&#8221;left&#8221; background_image_as_pattern=&#8221;without_pattern&#8221; css=&#8221;.vc_custom_1655560003987{background-color: #ffffff !important;}&#8221; z_index=&#8221;&#8221;][vc_column width=&#8221;1\/3&#8243;][\/vc_column][vc_column width=&#8221;1\/3&#8243;][vc_empty_space][vc_column_text]<\/p>\n<p style=\"text-align: center;\"><strong>1. Alacsony \u00fczemi fesz\u00fclts\u00e9gtartom\u00e1ny 130 ~ 270V.<\/strong><\/p>\n<p style=\"text-align: center;\"><strong>2. Hossz\u00fa l\u00e9g\u00e1raml\u00e1si t\u00e1vols\u00e1g A l\u00e9g\u00e1raml\u00e1si t\u00e1vols\u00e1g el\u00e9rheti a 18 m\u00e9tert.<\/strong><\/p>\n<p style=\"text-align: center;\"><strong>3. N\u00e9gyszeres sz\u00ednv\u00e1laszt\u00e9k El\u00e9rhet\u0151: Feh\u00e9r, ez\u00fcstsz\u00fcrke, bord\u00f3 \u00e9s fekete. <\/strong><\/p>\n<p style=\"text-align: center;\"><strong>4. Hangtalan kialak\u00edt\u00e1s A nagym\u00e9ret\u0171 kompresszor a legjobb h\u0151cser\u00e9l\u0151 rendszerrel egy\u00fctt jobb h\u0171t\u00e9si teljes\u00edtm\u00e9nyt biztos\u00edt.<\/strong><\/p>\n<p>[\/vc_column_text][vc_empty_space][\/vc_column][vc_column width=&#8221;1\/3&#8243;][\/vc_column][\/vc_row][vc_row css_animation=&#8221;&#8221; row_type=&#8221;row&#8221; use_row_as_full_screen_section=&#8221;no&#8221; type=&#8221;full_width&#8221; angled_section=&#8221;no&#8221; text_align=&#8221;left&#8221; background_image_as_pattern=&#8221;without_pattern&#8221; css=&#8221;.vc_custom_1655560003987{background-color: #ffffff !important;}&#8221; z_index=&#8221;&#8221;][vc_column width=&#8221;1\/6&#8243;][\/vc_column][vc_column width=&#8221;2\/3&#8243;][vc_single_image image=&#8221;15553&#8243; alignment=&#8221;center&#8221; qode_css_animation=&#8221;&#8221;][vc_empty_space][\/vc_column][vc_column width=&#8221;1\/6&#8243;][\/vc_column][\/vc_row][vc_row css_animation=&#8221;&#8221; row_type=&#8221;row&#8221; use_row_as_full_screen_section=&#8221;no&#8221; type=&#8221;full_width&#8221; angled_section=&#8221;no&#8221; text_align=&#8221;left&#8221; background_image_as_pattern=&#8221;without_pattern&#8221; css=&#8221;.vc_custom_1655560003987{background-color: #ffffff !important;}&#8221; z_index=&#8221;&#8221;][vc_column width=&#8221;1\/3&#8243;][\/vc_column][vc_column width=&#8221;1\/3&#8243;][\/vc_column][vc_column width=&#8221;1\/3&#8243;][\/vc_column][\/vc_row][vc_row css_animation=&#8221;&#8221; row_type=&#8221;row&#8221; use_row_as_full_screen_section=&#8221;no&#8221; type=&#8221;full_width&#8221; angled_section=&#8221;no&#8221; text_align=&#8221;center&#8221; background_image_as_pattern=&#8221;without_pattern&#8221; z_index=&#8221;&#8221; css=&#8221;.vc_custom_1657736425901{background-color: #dedede !important;}&#8221;][vc_column width=&#8221;1\/5&#8243;][\/vc_column][vc_column width=&#8221;1\/5&#8243;][\/vc_column][vc_column width=&#8221;1\/5&#8243;][vc_empty_space height=&#8221;60px&#8221;]\n\n\t<a href=\"https:\/\/sendo-klima.hu\/wp-content\/uploads\/2022\/07\/sendo-sanremo-hq-en.pdf\" target=\"_blank\" style=\"color: #ffffff;background-color: #007683\" class=\"qode-btn qode-btn-medium qode-btn-solid qode-btn-default-hover\"  >\n\t    <span class=\"qode-btn-text\">SAN REMO KATAL\u00d3GUS - PDF<\/span>\t<\/a>\n\n[vc_empty_space height=&#8221;60px&#8221;][\/vc_column][vc_column width=&#8221;1\/5&#8243;][\/vc_column][vc_column width=&#8221;1\/5&#8243;][\/vc_column][\/vc_row][vc_row css_animation=&#8221;&#8221; row_type=&#8221;row&#8221; use_row_as_full_screen_section=&#8221;no&#8221; type=&#8221;full_width&#8221; angled_section=&#8221;no&#8221; text_align=&#8221;left&#8221; background_image_as_pattern=&#8221;without_pattern&#8221; z_index=&#8221;&#8221; css=&#8221;.vc_custom_1657883991932{background-color: #ffffff !important;}&#8221;][vc_column][vc_empty_space height=&#8221;40px&#8221;][vc_text_separator title=&#8221;Alap tulajdons\u00e1gok&#8221; border=&#8221;no&#8221; background_color=&#8221;#dedede&#8221; title_color=&#8221;#898989&#8243;][vc_empty_space height=&#8221;40px&#8221;][\/vc_column][\/vc_row][vc_row css_animation=&#8221;&#8221; row_type=&#8221;row&#8221; use_row_as_full_screen_section=&#8221;no&#8221; type=&#8221;full_width&#8221; angled_section=&#8221;no&#8221; text_align=&#8221;left&#8221; background_image_as_pattern=&#8221;without_pattern&#8221; css=&#8221;.vc_custom_1657883890853{background-color: #ffffff !important;}&#8221; z_index=&#8221;&#8221;][vc_column width=&#8221;1\/6&#8243;][\/vc_column][vc_column width=&#8221;1\/6&#8243;][vc_empty_space][vc_single_image image=&#8221;15389&#8243; alignment=&#8221;center&#8221; qode_css_animation=&#8221;&#8221;][vc_column_text]<\/p>\n<p style=\"text-align: center;\">Intelligens leolvaszt\u00e1s<\/p>\n<p>[\/vc_column_text][\/vc_column][vc_column width=&#8221;1\/6&#8243;][vc_empty_space][vc_single_image image=&#8221;15395&#8243; alignment=&#8221;center&#8221; qode_css_animation=&#8221;&#8221;][vc_column_text]<\/p>\n<p style=\"text-align: center;\">\u00d6ndiagn\u00f3zis<\/p>\n<p>[\/vc_column_text][\/vc_column][vc_column width=&#8221;1\/6&#8243;][vc_empty_space][vc_single_image image=&#8221;15396&#8243; alignment=&#8221;center&#8221; qode_css_animation=&#8221;&#8221;][vc_column_text]<\/p>\n<p style=\"text-align: center;\">\u00c9jszakai \u00fczemm\u00f3d<\/p>\n<p>[\/vc_column_text][\/vc_column][vc_column width=&#8221;1\/6&#8243;][vc_empty_space][vc_single_image image=&#8221;15399&#8243; alignment=&#8221;center&#8221; qode_css_animation=&#8221;&#8221;][vc_column_text]<\/p>\n<p style=\"text-align: center;\">Turb\u00f3 funkci\u00f3<\/p>\n<p>[\/vc_column_text][\/vc_column][vc_column width=&#8221;1\/6&#8243;][\/vc_column][\/vc_row][vc_row css_animation=&#8221;&#8221; row_type=&#8221;row&#8221; use_row_as_full_screen_section=&#8221;no&#8221; type=&#8221;full_width&#8221; angled_section=&#8221;no&#8221; text_align=&#8221;left&#8221; background_image_as_pattern=&#8221;without_pattern&#8221; css=&#8221;.vc_custom_1657883901048{background-color: #ffffff !important;}&#8221; z_index=&#8221;&#8221;][vc_column width=&#8221;1\/6&#8243;][\/vc_column][vc_column width=&#8221;1\/6&#8243;][vc_empty_space][vc_single_image image=&#8221;15391&#8243; alignment=&#8221;center&#8221; qode_css_animation=&#8221;&#8221;][vc_column_text]<\/p>\n<p style=\"text-align: center;\">\u00c1ramsz\u00fcnet mem\u00f3ria<\/p>\n<p>[\/vc_column_text][\/vc_column][vc_column width=&#8221;1\/6&#8243;][vc_empty_space][vc_single_image image=&#8221;15398&#8243; alignment=&#8221;center&#8221; qode_css_animation=&#8221;&#8221;][vc_column_text]<\/p>\n<p style=\"text-align: center;\">Id\u0151z\u00edt\u00e9s<\/p>\n<p>[\/vc_column_text][\/vc_column][vc_column width=&#8221;1\/6&#8243;][vc_empty_space][vc_single_image image=&#8221;15390&#8243; alignment=&#8221;center&#8221; qode_css_animation=&#8221;&#8221;][vc_column_text]<\/p>\n<p style=\"text-align: center;\">Antibakteri\u00e1lis funkci\u00f3<\/p>\n<p>[\/vc_column_text][\/vc_column][vc_column width=&#8221;1\/6&#8243;][vc_empty_space][vc_single_image image=&#8221;15394&#8243; alignment=&#8221;center&#8221; qode_css_animation=&#8221;&#8221;][vc_column_text]<\/p>\n<p style=\"text-align: center;\">\u00d6ntiszt\u00edt\u00f3 funkci\u00f3<\/p>\n<p>[\/vc_column_text][\/vc_column][vc_column width=&#8221;1\/6&#8243;][\/vc_column][\/vc_row][vc_row css_animation=&#8221;&#8221; row_type=&#8221;row&#8221; use_row_as_full_screen_section=&#8221;no&#8221; type=&#8221;full_width&#8221; angled_section=&#8221;no&#8221; text_align=&#8221;left&#8221; background_image_as_pattern=&#8221;without_pattern&#8221; css=&#8221;.vc_custom_1657883901048{background-color: #ffffff !important;}&#8221; z_index=&#8221;&#8221;][vc_column width=&#8221;1\/6&#8243;][\/vc_column][vc_column width=&#8221;1\/6&#8243;][\/vc_column][vc_column width=&#8221;1\/6&#8243;][vc_empty_space][vc_single_image image=&#8221;15447&#8243; alignment=&#8221;center&#8221; qode_css_animation=&#8221;&#8221;][vc_column_text]<\/p>\n<p style=\"text-align: center;\">L\u00e9g\u00e1raml\u00e1s fel \u00e9s le<\/p>\n<p>[\/vc_column_text][\/vc_column][vc_column width=&#8221;1\/6&#8243;][vc_empty_space][vc_single_image image=&#8221;15448&#8243; alignment=&#8221;center&#8221; qode_css_animation=&#8221;&#8221;][vc_column_text]<\/p>\n<p style=\"text-align: center;\">Follow me m\u00f3d<\/p>\n<p>[\/vc_column_text][\/vc_column][vc_column width=&#8221;1\/6&#8243;][\/vc_column][vc_column width=&#8221;1\/6&#8243;][\/vc_column][\/vc_row][vc_row css_animation=&#8221;&#8221; row_type=&#8221;row&#8221; use_row_as_full_screen_section=&#8221;no&#8221; type=&#8221;full_width&#8221; angled_section=&#8221;no&#8221; text_align=&#8221;left&#8221; background_image_as_pattern=&#8221;without_pattern&#8221; css=&#8221;.vc_custom_1657883901048{background-color: #ffffff !important;}&#8221; z_index=&#8221;&#8221;][vc_column][vc_empty_space height=&#8221;60px&#8221;][\/vc_column][\/vc_row][vc_row css_animation=&#8221;&#8221; row_type=&#8221;row&#8221; use_row_as_full_screen_section=&#8221;no&#8221; type=&#8221;full_width&#8221; angled_section=&#8221;no&#8221; text_align=&#8221;left&#8221; background_image_as_pattern=&#8221;without_pattern&#8221; z_index=&#8221;&#8221; css=&#8221;.vc_custom_1657886571789{background-color: #3399a5 !important;}&#8221;][vc_column width=&#8221;1\/4&#8243;][\/vc_column][vc_column width=&#8221;1\/4&#8243;][vc_empty_space height=&#8221;40px&#8221;][vc_column_text]<\/p>\n<h3><span style=\"color: #ffffff;\">\u00c9rdekl\u0151dj\u00f6n most!<\/span><\/h3>\n<p><span style=\"color: #ffffff;\">Munkat\u00e1rsunk a lehet\u0151 legr\u00f6videbb id\u0151n bel\u00fcl jelentkezik \u00d6nn\u00e9l telefonon.<\/span><\/p>\n<p>[\/vc_column_text][vc_empty_space height=&#8221;40px&#8221;][\/vc_column][vc_column width=&#8221;1\/4&#8243;][vc_empty_space height=&#8221;40px&#8221;]\n\n\t<a href=\"https:\/\/sendo-klima.hu\/kapcsolat\/\" target=\"_blank\" style=\"color: #ffffff;background-color: #007683;margin: 1px 1px 1px 1px\" class=\"qode-btn qode-btn-medium qode-btn-solid qode-btn-custom-hover-color qode-btn-icon-square qode-btn-default-hover\" data-hover-color=\"#020202\" >\n\t    <span class=\"qode-btn-text\">\u00c9RDEKL\u0150D\u00c9S<\/span><span class=\"qode-button-v2-icon-holder\" style=\"border-color: #ffffff;background-color: #ffffff\" data-hover-icon-border-color=\"#ffffff\"><i class=\"qode_icon_font_awesome fa  qode-button-v2-icon-holder-inner\" ><\/i><\/span>\t<\/a>\n\n[vc_empty_space height=&#8221;40px&#8221;][\/vc_column][vc_column width=&#8221;1\/4&#8243;][\/vc_column][\/vc_row]<\/p>\n","protected":false},"excerpt":{"rendered":"<p>[vc_row css_animation=&#8221;&#8221; row_type=&#8221;row&#8221; use_row_as_full_screen_section=&#8221;no&#8221; type=&#8221;full_width&#8221; angled_section=&#8221;no&#8221; text_align=&#8221;left&#8221; background_image_as_pattern=&#8221;without_pattern&#8221; css=&#8221;.vc_custom_1655558006675{background-color: #f4f4f4 !important;}&#8221; z_index=&#8221;&#8221;][vc_column][vc_column_text] KEZD\u0150LAP \/ TERM\u00c9KEK \/ P\u00c1R\u00c1TLAN\u00cdT\u00d3K \/ SAN REMO [\/vc_column_text][\/vc_column][\/vc_row][vc_row css_animation=&#8221;&#8221; row_type=&#8221;row&#8221; use_row_as_full_screen_section=&#8221;yes&#8221; type=&#8221;full_width&#8221; angled_section=&#8221;no&#8221; text_align=&#8221;center&#8221; background_image_as_pattern=&#8221;without_pattern&#8221; css=&#8221;.vc_custom_1657911012018{padding-top: 280px !important;padding-bottom: 280px !important;background-color: #f4f4f4 !important;}&#8221; z_index=&#8221;&#8221; background_image=&#8221;15547&#8243;][vc_column][\/vc_column][\/vc_row][vc_row css_animation=&#8221;&#8221; row_type=&#8221;row&#8221; use_row_as_full_screen_section=&#8221;no&#8221; type=&#8221;full_width&#8221; angled_section=&#8221;no&#8221; text_align=&#8221;left&#8221; background_image_as_pattern=&#8221;without_pattern&#8221; css=&#8221;.vc_custom_1655558006675{background-color:&#8230;<\/p>\n","protected":false},"author":1,"featured_media":0,"parent":0,"menu_order":0,"comment_status":"closed","ping_status":"closed","template":"full_width.php","meta":{"footnotes":""},"class_list":["post-15504","page","type-page","status-publish","hentry"],"_links":{"self":[{"href":"https:\/\/tauriltrade.hu\/sendo\/wp-json\/wp\/v2\/pages\/15504","targetHints":{"allow":["GET"]}}],"collection":[{"href":"https:\/\/tauriltrade.hu\/sendo\/wp-json\/wp\/v2\/pages"}],"about":[{"href":"https:\/\/tauriltrade.hu\/sendo\/wp-json\/wp\/v2\/types\/page"}],"author":[{"embeddable":true,"href":"https:\/\/tauriltrade.hu\/sendo\/wp-json\/wp\/v2\/users\/1"}],"replies":[{"embeddable":true,"href":"https:\/\/tauriltrade.hu\/sendo\/wp-json\/wp\/v2\/comments?post=15504"}],"version-history":[{"count":8,"href":"https:\/\/tauriltrade.hu\/sendo\/wp-json\/wp\/v2\/pages\/15504\/revisions"}],"predecessor-version":[{"id":15556,"href":"https:\/\/tauriltrade.hu\/sendo\/wp-json\/wp\/v2\/pages\/15504\/revisions\/15556"}],"wp:attachment":[{"href":"https:\/\/tauriltrade.hu\/sendo\/wp-json\/wp\/v2\/media?parent=15504"}],"curies":[{"name":"wp","href":"https:\/\/api.w.org\/{rel}","templated":true}]}}