{"id":15567,"date":"2022-07-16T06:10:49","date_gmt":"2022-07-16T06:10:49","guid":{"rendered":"https:\/\/sendo-klima.hu\/?page_id=15567"},"modified":"2022-08-11T17:24:36","modified_gmt":"2022-08-11T17:24:36","slug":"fali-split-egysegek","status":"publish","type":"page","link":"https:\/\/tauriltrade.hu\/sendo\/fali-split-egysegek\/","title":{"rendered":"Fali split egys\u00e9gek"},"content":{"rendered":"<p>[vc_row css_animation=&#8221;&#8221; row_type=&#8221;row&#8221; use_row_as_full_screen_section=&#8221;no&#8221; type=&#8221;full_width&#8221; angled_section=&#8221;no&#8221; text_align=&#8221;left&#8221; background_image_as_pattern=&#8221;without_pattern&#8221; css=&#8221;.vc_custom_1655558006675{background-color: #f4f4f4 !important;}&#8221; z_index=&#8221;&#8221;][vc_column][vc_column_text]<\/p>\n<div class=\"vc_empty_space\" style=\"height: 32px;\"><\/div>\n<p style=\"text-align: center;\"><a href=\"https:\/\/sendo-klima.hu\">KEZD\u0150LAP<\/a> <strong>\/ <\/strong><a href=\"https:\/\/sendo-klima.hu\/termekek\/\">TERM\u00c9KEK<\/a> <strong>\/ <\/strong><a href=\"https:\/\/sendo-klima.hu\/lakossagi-klimaberendezesek\/\">LAKOSS\u00c1GI KL\u00cdMABERENDEZ\u00c9SEK<\/a> <strong>\/ <\/strong>FALI SPLIT EGYS\u00c9GEK<\/p>\n<div class=\"vc_empty_space\" style=\"height: 32px;\"><\/div>\n<p>[\/vc_column_text][\/vc_column][\/vc_row][vc_row css_animation=&#8221;&#8221; row_type=&#8221;row&#8221; use_row_as_full_screen_section=&#8221;no&#8221; type=&#8221;full_width&#8221; angled_section=&#8221;no&#8221; text_align=&#8221;left&#8221; background_image_as_pattern=&#8221;without_pattern&#8221; css=&#8221;.vc_custom_1655839863431{padding-top: 190px !important;padding-bottom: 190px !important;background-color: #f4f4f4 !important;}&#8221; z_index=&#8221;&#8221; background_image=&#8221;15073&#8243;][vc_column width=&#8221;1\/6&#8243;][\/vc_column][vc_column width=&#8221;2\/3&#8243;][vc_column_text]<\/p>\n<p style=\"text-align: center;\"><span style=\"font-size: 60px; line-height: 65px; letter-spacing: 20px; color: white; font-weight: 300;\">LAKOSS\u00c1GI<br \/>\nKL\u00cdMABERENDEZ\u00c9SEK<\/span><\/p>\n<p>[\/vc_column_text][\/vc_column][vc_column width=&#8221;1\/6&#8243;][\/vc_column][\/vc_row][vc_row css_animation=&#8221;&#8221; row_type=&#8221;row&#8221; use_row_as_full_screen_section=&#8221;no&#8221; type=&#8221;full_width&#8221; angled_section=&#8221;no&#8221; text_align=&#8221;left&#8221; background_image_as_pattern=&#8221;without_pattern&#8221; css=&#8221;.vc_custom_1655558006675{background-color: #f4f4f4 !important;}&#8221; z_index=&#8221;&#8221;][vc_column css=&#8221;.vc_custom_1655559819147{background-color: #ffffff !important;}&#8221;][vc_empty_space height=&#8221;100px&#8221;][vc_single_image image=&#8221;15258&#8243; img_size=&#8221;medium&#8221; alignment=&#8221;center&#8221; qode_css_animation=&#8221;&#8221;][vc_text_separator title=&#8221;FALI EGYS\u00c9GEK&#8221; border=&#8221;no&#8221;][vc_empty_space height=&#8221;100px&#8221;][\/vc_column][\/vc_row][vc_row css_animation=&#8221;&#8221; row_type=&#8221;row&#8221; use_row_as_full_screen_section=&#8221;no&#8221; type=&#8221;full_width&#8221; angled_section=&#8221;no&#8221; text_align=&#8221;left&#8221; background_image_as_pattern=&#8221;without_pattern&#8221; css=&#8221;.vc_custom_1655560003987{background-color: #ffffff !important;}&#8221; z_index=&#8221;&#8221;][vc_column width=&#8221;1\/5&#8243;][\/vc_column][vc_column width=&#8221;1\/5&#8243;]<div class='image_hover hovered' style='' data-transition-delay=''><div class='images_holder'><img itemprop='image' class='active_image ' src='https:\/\/tauriltrade.hu\/sendo\/wp-content\/uploads\/2022\/08\/aegean-split-300X310.jpg' alt='' style='' \/><img itemprop='image' class='hover_image' src='https:\/\/tauriltrade.hu\/sendo\/wp-content\/uploads\/2022\/07\/Aegean-310x300-1.png' alt='' style='' \/><\/div><\/div>[\/vc_column][vc_column width=&#8221;1\/5&#8243;]<div class='image_hover hovered' style='' data-transition-delay=''><div class='images_holder'><img itemprop='image' class='active_image ' src='https:\/\/tauriltrade.hu\/sendo\/wp-content\/uploads\/2022\/07\/aris-3D.jpg' alt='' style='' \/><img itemprop='image' class='hover_image' src='https:\/\/tauriltrade.hu\/sendo\/wp-content\/uploads\/2022\/07\/aris-310x300b.jpg' alt='' style='' \/><\/div><\/div>[\/vc_column][vc_column width=&#8221;1\/5&#8243;]<div class='image_hover hovered' style='' data-transition-delay=''><div class='images_holder'><img itemprop='image' class='active_image ' src='https:\/\/tauriltrade.hu\/sendo\/wp-content\/uploads\/2022\/08\/zeas-split-300X310.jpg' alt='' style='' \/><img itemprop='image' class='hover_image' src='https:\/\/tauriltrade.hu\/sendo\/wp-content\/uploads\/2022\/07\/Zeas-310x300-1.png' alt='' style='' \/><\/div><\/div>[\/vc_column][vc_column width=&#8221;1\/5&#8243;][\/vc_column][\/vc_row][vc_row css_animation=&#8221;&#8221; row_type=&#8221;row&#8221; use_row_as_full_screen_section=&#8221;no&#8221; type=&#8221;full_width&#8221; angled_section=&#8221;no&#8221; text_align=&#8221;left&#8221; background_image_as_pattern=&#8221;without_pattern&#8221; css=&#8221;.vc_custom_1655560003987{background-color: #ffffff !important;}&#8221; z_index=&#8221;&#8221;][vc_column width=&#8221;1\/5&#8243;][\/vc_column][vc_column width=&#8221;1\/5&#8243;][vc_single_image image=&#8221;15302&#8243; alignment=&#8221;center&#8221; qode_css_animation=&#8221;&#8221;][\/vc_column][vc_column width=&#8221;1\/5&#8243;][vc_single_image image=&#8221;15303&#8243; alignment=&#8221;center&#8221; qode_css_animation=&#8221;&#8221;][\/vc_column][vc_column width=&#8221;1\/5&#8243;][vc_single_image image=&#8221;15304&#8243; alignment=&#8221;center&#8221; qode_css_animation=&#8221;&#8221;][\/vc_column][vc_column width=&#8221;1\/5&#8243;][\/vc_column][\/vc_row][vc_row css_animation=&#8221;&#8221; row_type=&#8221;row&#8221; use_row_as_full_screen_section=&#8221;no&#8221; type=&#8221;full_width&#8221; angled_section=&#8221;no&#8221; text_align=&#8221;left&#8221; background_image_as_pattern=&#8221;without_pattern&#8221; css=&#8221;.vc_custom_1655560003987{background-color: #ffffff !important;}&#8221; z_index=&#8221;&#8221;][vc_column width=&#8221;1\/5&#8243;][\/vc_column][vc_column width=&#8221;1\/5&#8243;][vc_column_text]<\/p>\n<h5 style=\"text-align: center;\"><a href=\"https:\/\/sendo-klima.hu\/aegean\/\">H\u0151s \u00e1lruh\u00e1ban!<\/a><\/h5>\n<p>[\/vc_column_text][\/vc_column][vc_column width=&#8221;1\/5&#8243;][vc_column_text]<\/p>\n<h5 style=\"text-align: center;\"><a href=\"https:\/\/sendo-klima.hu\/aris\/\">A gazdas\u00e1goss\u00e1g bajnoka!<\/a><\/h5>\n<p>[\/vc_column_text][\/vc_column][vc_column width=&#8221;1\/5&#8243;][vc_column_text]<\/p>\n<h5 style=\"text-align: center;\"><a href=\"https:\/\/sendo-klima.hu\/zeas\/\">Sz\u00ednes jelenl\u00e9t<br \/>\naz \u00d6n ter\u00e9ben!<\/a><\/h5>\n<p>[\/vc_column_text][\/vc_column][vc_column width=&#8221;1\/5&#8243;][\/vc_column][\/vc_row][vc_row css_animation=&#8221;&#8221; row_type=&#8221;row&#8221; use_row_as_full_screen_section=&#8221;no&#8221; type=&#8221;full_width&#8221; angled_section=&#8221;no&#8221; text_align=&#8221;left&#8221; background_image_as_pattern=&#8221;without_pattern&#8221; css=&#8221;.vc_custom_1655560003987{background-color: #ffffff !important;}&#8221; z_index=&#8221;&#8221;][vc_column][vc_empty_space height=&#8221;100px&#8221;][\/vc_column][\/vc_row][vc_row css_animation=&#8221;&#8221; row_type=&#8221;row&#8221; use_row_as_full_screen_section=&#8221;no&#8221; type=&#8221;full_width&#8221; angled_section=&#8221;no&#8221; text_align=&#8221;left&#8221; background_image_as_pattern=&#8221;without_pattern&#8221; css=&#8221;.vc_custom_1655560003987{background-color: #ffffff !important;}&#8221; z_index=&#8221;&#8221;][vc_column width=&#8221;1\/5&#8243;][\/vc_column][vc_column width=&#8221;1\/5&#8243;]<div class='image_hover hovered' style='' data-transition-delay=''><div class='images_holder'><img itemprop='image' class='active_image ' src='https:\/\/tauriltrade.hu\/sendo\/wp-content\/uploads\/2022\/07\/cronus.jpg' alt='' style='' \/><img itemprop='image' class='hover_image' src='https:\/\/tauriltrade.hu\/sendo\/wp-content\/uploads\/2022\/07\/Cronus-310X300.png' alt='' style='' \/><\/div><\/div>[\/vc_column][vc_column width=&#8221;1\/5&#8243;]<div class='image_hover hovered' style='' data-transition-delay=''><div class='images_holder'><img itemprop='image' class='active_image ' src='https:\/\/tauriltrade.hu\/sendo\/wp-content\/uploads\/2022\/07\/ikaros-3D.jpg' alt='' style='' \/><img itemprop='image' class='hover_image' src='https:\/\/tauriltrade.hu\/sendo\/wp-content\/uploads\/2022\/07\/ikaros-310x300b.jpg' alt='' style='' \/><\/div><\/div>[\/vc_column][vc_column width=&#8221;1\/5&#8243;]<div class='image_hover hovered' style='' data-transition-delay=''><div class='images_holder'><img itemprop='image' class='active_image ' src='https:\/\/tauriltrade.hu\/sendo\/wp-content\/uploads\/2022\/07\/aeolos-3D.jpg' alt='' style='' \/><img itemprop='image' class='hover_image' src='https:\/\/tauriltrade.hu\/sendo\/wp-content\/uploads\/2022\/07\/aeolos-310x300bb.jpg' alt='' style='' \/><\/div><\/div>[\/vc_column][vc_column width=&#8221;1\/5&#8243;][\/vc_column][\/vc_row][vc_row css_animation=&#8221;&#8221; row_type=&#8221;row&#8221; use_row_as_full_screen_section=&#8221;no&#8221; type=&#8221;full_width&#8221; angled_section=&#8221;no&#8221; text_align=&#8221;left&#8221; background_image_as_pattern=&#8221;without_pattern&#8221; css=&#8221;.vc_custom_1655560003987{background-color: #ffffff !important;}&#8221; z_index=&#8221;&#8221;][vc_column width=&#8221;1\/5&#8243;][\/vc_column][vc_column width=&#8221;1\/5&#8243;][vc_single_image image=&#8221;15308&#8243; alignment=&#8221;center&#8221; qode_css_animation=&#8221;&#8221;][\/vc_column][vc_column width=&#8221;1\/5&#8243;][vc_single_image image=&#8221;15309&#8243; alignment=&#8221;center&#8221; qode_css_animation=&#8221;&#8221;][\/vc_column][vc_column width=&#8221;1\/5&#8243;][vc_single_image image=&#8221;15310&#8243; alignment=&#8221;center&#8221; qode_css_animation=&#8221;&#8221;][\/vc_column][vc_column width=&#8221;1\/5&#8243;][\/vc_column][\/vc_row][vc_row css_animation=&#8221;&#8221; row_type=&#8221;row&#8221; use_row_as_full_screen_section=&#8221;no&#8221; type=&#8221;full_width&#8221; angled_section=&#8221;no&#8221; text_align=&#8221;left&#8221; background_image_as_pattern=&#8221;without_pattern&#8221; css=&#8221;.vc_custom_1655560003987{background-color: #ffffff !important;}&#8221; z_index=&#8221;&#8221;][vc_column width=&#8221;1\/5&#8243;][\/vc_column][vc_column width=&#8221;1\/5&#8243;][vc_column_text]<\/p>\n<h5 style=\"text-align: center;\"><a href=\"https:\/\/sendo-klima.hu\/cronus\/\">A term\u00e9szet ereje<\/a><\/h5>\n<p>[\/vc_column_text][\/vc_column][vc_column width=&#8221;1\/5&#8243;][vc_column_text]<\/p>\n<h5 style=\"text-align: center;\"><a href=\"https:\/\/sendo-klima.hu\/ikaros\/\">Jap\u00e1n technol\u00f3gia<br \/>\na cs\u00facsteljes\u00edtm\u00e9ny\u00e9rt!<\/a><\/h5>\n<p>[\/vc_column_text][\/vc_column][vc_column width=&#8221;1\/5&#8243;][vc_column_text]<\/p>\n<h5 style=\"text-align: center;\"><a href=\"https:\/\/sendo-klima.hu\/aeolos-2\/\">Ide\u00e1lis frissess\u00e9g<br \/>\npillanatok alatt!<\/a><\/h5>\n<p>[\/vc_column_text][\/vc_column][vc_column width=&#8221;1\/5&#8243;][\/vc_column][\/vc_row][vc_row css_animation=&#8221;&#8221; row_type=&#8221;row&#8221; use_row_as_full_screen_section=&#8221;no&#8221; type=&#8221;full_width&#8221; angled_section=&#8221;no&#8221; text_align=&#8221;left&#8221; background_image_as_pattern=&#8221;without_pattern&#8221; css=&#8221;.vc_custom_1655560003987{background-color: #ffffff !important;}&#8221; z_index=&#8221;&#8221;][vc_column][vc_empty_space height=&#8221;100px&#8221;][\/vc_column][\/vc_row][vc_row css_animation=&#8221;&#8221; row_type=&#8221;row&#8221; use_row_as_full_screen_section=&#8221;no&#8221; type=&#8221;full_width&#8221; angled_section=&#8221;no&#8221; text_align=&#8221;left&#8221; background_image_as_pattern=&#8221;without_pattern&#8221; css=&#8221;.vc_custom_1655560003987{background-color: #ffffff !important;}&#8221; z_index=&#8221;&#8221;][vc_column width=&#8221;1\/5&#8243;][\/vc_column][vc_column width=&#8221;1\/5&#8243;]<div class='image_hover hovered' style='' data-transition-delay=''><div class='images_holder'><img itemprop='image' class='active_image ' src='https:\/\/tauriltrade.hu\/sendo\/wp-content\/uploads\/2022\/08\/hermes-3D.jpg' alt='' style='' \/><img itemprop='image' class='hover_image' src='https:\/\/tauriltrade.hu\/sendo\/wp-content\/uploads\/2022\/08\/hermes_front_view_310x300px.jpg' alt='' style='' \/><\/div><\/div>[\/vc_column][vc_column width=&#8221;1\/5&#8243;]<div class='image_hover hovered' style='' data-transition-delay=''><div class='images_holder'><img itemprop='image' class='active_image ' src='https:\/\/tauriltrade.hu\/sendo\/wp-content\/uploads\/2022\/08\/hermes-gold-3D.jpg' alt='' style='' \/><img itemprop='image' class='hover_image' src='https:\/\/tauriltrade.hu\/sendo\/wp-content\/uploads\/2022\/08\/hermes-gold-front-view_310x300px.jpg' alt='' style='' \/><\/div><\/div>[\/vc_column][vc_column width=&#8221;1\/5&#8243;]<div class='image_hover hovered' style='' data-transition-delay=''><div class='images_holder'><img itemprop='image' class='active_image ' src='https:\/\/tauriltrade.hu\/sendo\/wp-content\/uploads\/2022\/08\/athina-3D.jpg' alt='' style='' \/><img itemprop='image' class='hover_image' src='https:\/\/tauriltrade.hu\/sendo\/wp-content\/uploads\/2022\/08\/athina_front_view_310x300px.jpg' alt='' style='' \/><\/div><\/div>[\/vc_column][vc_column width=&#8221;1\/5&#8243;][\/vc_column][\/vc_row][vc_row css_animation=&#8221;&#8221; row_type=&#8221;row&#8221; use_row_as_full_screen_section=&#8221;no&#8221; type=&#8221;full_width&#8221; angled_section=&#8221;no&#8221; text_align=&#8221;left&#8221; background_image_as_pattern=&#8221;without_pattern&#8221; css=&#8221;.vc_custom_1655560003987{background-color: #ffffff !important;}&#8221; z_index=&#8221;&#8221;][vc_column width=&#8221;1\/5&#8243;][\/vc_column][vc_column width=&#8221;1\/5&#8243;][vc_single_image image=&#8221;15980&#8243; alignment=&#8221;center&#8221; qode_css_animation=&#8221;&#8221;][\/vc_column][vc_column width=&#8221;1\/5&#8243;][vc_single_image image=&#8221;15991&#8243; img_size=&#8221;medium&#8221; alignment=&#8221;center&#8221; qode_css_animation=&#8221;&#8221;][\/vc_column][vc_column width=&#8221;1\/5&#8243;][vc_single_image image=&#8221;15988&#8243; alignment=&#8221;center&#8221; qode_css_animation=&#8221;&#8221;][\/vc_column][vc_column width=&#8221;1\/5&#8243;][\/vc_column][\/vc_row][vc_row css_animation=&#8221;&#8221; row_type=&#8221;row&#8221; use_row_as_full_screen_section=&#8221;no&#8221; type=&#8221;full_width&#8221; angled_section=&#8221;no&#8221; text_align=&#8221;left&#8221; background_image_as_pattern=&#8221;without_pattern&#8221; css=&#8221;.vc_custom_1655560003987{background-color: #ffffff !important;}&#8221; z_index=&#8221;&#8221;][vc_column width=&#8221;1\/5&#8243;][\/vc_column][vc_column width=&#8221;1\/5&#8243;][vc_column_text]<\/p>\n<h5 style=\"text-align: center;\"><a href=\"https:\/\/sendo-klima.hu\/hermes\/\">Jap\u00e1n \u00f6r\u00f6ks\u00e9g<br \/>\nfrissess\u00e9g \u00e9s wellness!<\/a><\/h5>\n<p>[\/vc_column_text][vc_empty_space height=&#8221;20px&#8221;][\/vc_column][vc_column width=&#8221;1\/5&#8243;][vc_column_text]<\/p>\n<h5 style=\"text-align: center;\"><a href=\"https:\/\/sendo-klima.hu\/hermes-gold\/\">Jap\u00e1n technol\u00f3gia<br \/>\na cs\u00facsteljes\u00edtm\u00e9ny\u00e9rt!<\/a><\/h5>\n<p>[\/vc_column_text][vc_empty_space height=&#8221;20px&#8221;][\/vc_column][vc_column width=&#8221;1\/5&#8243;][vc_column_text]<\/p>\n<h5 style=\"text-align: center;\"><a href=\"https:\/\/sendo-klima.hu\/athina\/\">Ide\u00e1lis frissess\u00e9g<br \/>\npillanatok alatt!<\/a><\/h5>\n<p>[\/vc_column_text][vc_empty_space height=&#8221;20px&#8221;][\/vc_column][vc_column width=&#8221;1\/5&#8243;][\/vc_column][\/vc_row][vc_row css_animation=&#8221;&#8221; row_type=&#8221;row&#8221; use_row_as_full_screen_section=&#8221;no&#8221; type=&#8221;full_width&#8221; angled_section=&#8221;no&#8221; text_align=&#8221;left&#8221; background_image_as_pattern=&#8221;without_pattern&#8221;][vc_column][vc_column_text]<\/p>\n<p>[\/vc_column_text][\/vc_column][\/vc_row][vc_row css_animation=&#8221;&#8221; row_type=&#8221;row&#8221; use_row_as_full_screen_section=&#8221;no&#8221; type=&#8221;full_width&#8221; angled_section=&#8221;no&#8221; text_align=&#8221;left&#8221; background_image_as_pattern=&#8221;without_pattern&#8221; css=&#8221;.vc_custom_1657735366934{background-color: #dedede !important;}&#8221; z_index=&#8221;&#8221;][vc_column][vc_empty_space height=&#8221;60px&#8221;][vc_text_separator title=&#8221;T\u00f6ltsd le a term\u00e9katal\u00f3gust&#8221; border=&#8221;no&#8221; background_color=&#8221;#dedede&#8221; title_color=&#8221;#898989&#8243;][\/vc_column][\/vc_row][vc_row css_animation=&#8221;&#8221; row_type=&#8221;row&#8221; use_row_as_full_screen_section=&#8221;no&#8221; type=&#8221;full_width&#8221; angled_section=&#8221;no&#8221; text_align=&#8221;center&#8221; background_image_as_pattern=&#8221;without_pattern&#8221; z_index=&#8221;&#8221; css=&#8221;.vc_custom_1657736425901{background-color: #dedede !important;}&#8221;][vc_column width=&#8221;1\/5&#8243;][\/vc_column][vc_column width=&#8221;1\/5&#8243;][\/vc_column][vc_column width=&#8221;1\/5&#8243;][vc_empty_space height=&#8221;20px&#8221;]\n\n\t<a href=\"https:\/\/sendo-klima.hu\/wp-content\/uploads\/2022\/07\/Sendo-Residential.pdf\" target=\"_blank\" style=\"color: #ffffff;background-color: #007683\" class=\"qode-btn qode-btn-medium qode-btn-solid qode-btn-icon qode-btn-icon-square qode-btn-default-hover\"  >\n\t    <span class=\"qode-btn-text\">KATAL\u00d3GUS PDF 35 MB<\/span><span class=\"qode-button-v2-icon-holder\" style=\"border-color: #ffffff;background-color: #007683\" data-hover-icon-border-color=\"#ffffff\"><i class=\"qode_icon_font_awesome fa fa-file-pdf-o qode-button-v2-icon-holder-inner\" ><\/i><\/span>\t<\/a>\n\n[vc_empty_space height=&#8221;60px&#8221;][\/vc_column][vc_column width=&#8221;1\/5&#8243;][\/vc_column][vc_column width=&#8221;1\/5&#8243;][\/vc_column][\/vc_row][vc_row css_animation=&#8221;&#8221; row_type=&#8221;row&#8221; use_row_as_full_screen_section=&#8221;no&#8221; type=&#8221;full_width&#8221; angled_section=&#8221;no&#8221; text_align=&#8221;left&#8221; background_image_as_pattern=&#8221;without_pattern&#8221;][vc_column][vc_column_text]<\/p>\n<p>[\/vc_column_text][\/vc_column][\/vc_row]<\/p>\n","protected":false},"excerpt":{"rendered":"<p>[vc_row css_animation=&#8221;&#8221; row_type=&#8221;row&#8221; use_row_as_full_screen_section=&#8221;no&#8221; type=&#8221;full_width&#8221; angled_section=&#8221;no&#8221; text_align=&#8221;left&#8221; background_image_as_pattern=&#8221;without_pattern&#8221; css=&#8221;.vc_custom_1655558006675{background-color: #f4f4f4 !important;}&#8221; z_index=&#8221;&#8221;][vc_column][vc_column_text] KEZD\u0150LAP \/ TERM\u00c9KEK \/ LAKOSS\u00c1GI KL\u00cdMABERENDEZ\u00c9SEK \/ FALI SPLIT EGYS\u00c9GEK [\/vc_column_text][\/vc_column][\/vc_row][vc_row css_animation=&#8221;&#8221; row_type=&#8221;row&#8221; use_row_as_full_screen_section=&#8221;no&#8221; type=&#8221;full_width&#8221; angled_section=&#8221;no&#8221; text_align=&#8221;left&#8221; background_image_as_pattern=&#8221;without_pattern&#8221; css=&#8221;.vc_custom_1655839863431{padding-top: 190px !important;padding-bottom: 190px !important;background-color: #f4f4f4 !important;}&#8221; z_index=&#8221;&#8221; background_image=&#8221;15073&#8243;][vc_column width=&#8221;1\/6&#8243;][\/vc_column][vc_column width=&#8221;2\/3&#8243;][vc_column_text] LAKOSS\u00c1GI KL\u00cdMABERENDEZ\u00c9SEK [\/vc_column_text][\/vc_column][vc_column width=&#8221;1\/6&#8243;][\/vc_column][\/vc_row][vc_row&#8230;<\/p>\n","protected":false},"author":1,"featured_media":0,"parent":0,"menu_order":0,"comment_status":"closed","ping_status":"closed","template":"full_width.php","meta":{"footnotes":""},"class_list":["post-15567","page","type-page","status-publish","hentry"],"_links":{"self":[{"href":"https:\/\/tauriltrade.hu\/sendo\/wp-json\/wp\/v2\/pages\/15567","targetHints":{"allow":["GET"]}}],"collection":[{"href":"https:\/\/tauriltrade.hu\/sendo\/wp-json\/wp\/v2\/pages"}],"about":[{"href":"https:\/\/tauriltrade.hu\/sendo\/wp-json\/wp\/v2\/types\/page"}],"author":[{"embeddable":true,"href":"https:\/\/tauriltrade.hu\/sendo\/wp-json\/wp\/v2\/users\/1"}],"replies":[{"embeddable":true,"href":"https:\/\/tauriltrade.hu\/sendo\/wp-json\/wp\/v2\/comments?post=15567"}],"version-history":[{"count":15,"href":"https:\/\/tauriltrade.hu\/sendo\/wp-json\/wp\/v2\/pages\/15567\/revisions"}],"predecessor-version":[{"id":16020,"href":"https:\/\/tauriltrade.hu\/sendo\/wp-json\/wp\/v2\/pages\/15567\/revisions\/16020"}],"wp:attachment":[{"href":"https:\/\/tauriltrade.hu\/sendo\/wp-json\/wp\/v2\/media?parent=15567"}],"curies":[{"name":"wp","href":"https:\/\/api.w.org\/{rel}","templated":true}]}}